{"id":14868,"date":"2021-07-10T10:01:31","date_gmt":"2021-07-10T08:01:31","guid":{"rendered":"https:\/\/rnsinox.comcookies-policy\/"},"modified":"2024-01-10T16:25:38","modified_gmt":"2024-01-10T15:25:38","slug":"cookies-policy","status":"publish","type":"page","link":"https:\/\/rnsinox.com\/en\/cookies-policy\/","title":{"rendered":"Cookies Policy"},"content":{"rendered":"\t\t<div data-elementor-type=\"wp-page\" data-elementor-id=\"14868\" class=\"elementor elementor-14868 elementor-738\" data-elementor-post-type=\"page\">\n\t\t\t\t\t\t<section class=\"elementor-section elementor-top-section elementor-element elementor-element-472ac2e1 elementor-section-boxed elementor-section-height-default elementor-section-height-default\" data-id=\"472ac2e1\" data-element_type=\"section\" data-e-type=\"section\" data-settings=\"{&quot;background_background&quot;:&quot;classic&quot;}\">\n\t\t\t\t\t\t\t<div class=\"elementor-background-overlay\"><\/div>\n\t\t\t\t\t\t\t<div class=\"elementor-container elementor-column-gap-no\">\n\t\t\t\t\t<div class=\"elementor-column elementor-col-100 elementor-top-column elementor-element elementor-element-2aa493e7\" data-id=\"2aa493e7\" data-element_type=\"column\" data-e-type=\"column\">\n\t\t\t<div class=\"elementor-widget-wrap elementor-element-populated\">\n\t\t\t\t\t\t<div class=\"elementor-element elementor-element-3165980f elementor-widget elementor-widget-heading\" data-id=\"3165980f\" data-element_type=\"widget\" data-e-type=\"widget\" data-widget_type=\"heading.default\">\n\t\t\t\t<div class=\"elementor-widget-container\">\n\t\t\t\t\t<h2 class=\"elementor-heading-title elementor-size-default\">Cookies Policy<\/h2>\t\t\t\t<\/div>\n\t\t\t\t<\/div>\n\t\t\t\t<div class=\"elementor-element elementor-element-56385990 elementor-widget elementor-widget-text-editor\" data-id=\"56385990\" data-element_type=\"widget\" data-e-type=\"widget\" data-widget_type=\"text-editor.default\">\n\t\t\t\t<div class=\"elementor-widget-container\">\n\t\t\t\t\t\t\t\t\t<p>It is great that you choose to be informed and take a moment to read this section.<\/p>\n<p>On this website we collect and use information as indicated in our <a href=\"https:\/\/rnsinox.com\/en\/privacy-policy\/\" target=\"_blank\" rel=\"noopener noreferrer\">privacy policy.<\/a> One of the ways in which we collect information is through the use of technology called &#8220;cookies&#8221;, at RNSinox we use them for different purposes as explained below.<\/p>\n<h2 style=\"margin-top: 41px;\">WHAT IS A COOKIE?<\/h2>\n<p>A &#8220;cookie&#8221; is a small amount of text that is stored in your browser (such as Google&#8217;s Chrome or Apple&#8217;s Safari) when you browse most websites.<\/p>\n<h2 style=\"margin-top: 41px;\">WHAT IS NOT A COOKIE?<\/h2>\n<p>It is not a virus, not a Trojan, not a worm, not spam, not spyware, nor does it open pop-up windows.<\/p>\n<h2 style=\"margin-top: 41px;\">WHAT INFORMATION DOES A COOKIE STORE?<\/h2>\n<p>Cookies do not usually store sensitive information about you, such as credit cards or bank details, photographs or personal information, etc. The data they keep is technical, statistical, personal preferences, personalization of content, etc.<\/p>\n<p>The web server does not associate you as a person but rather your web browser. In fact, if you regularly browse with the Chrome browser and try to browse the same website with the Firefox browser, you will see that the website does not realize that you are the same person because it is actually associating the information with the browser, not the person. .<\/p>\n<h2 style=\"margin-top: 41px;\">WHAT KIND OF COOKIES ARE THERE?<\/h2>\n<ul style=\"margin-top: 15px;\">\n<li><strong>Technical cookies:<\/strong> They are the most basic and allow, among other things, to know when a human or an automated application is browsing, when an anonymous user and a registered user are browsing, basic tasks for the operation of any dynamic website.<\/li>\n<li style=\"margin-top: 5px;\"><strong>Analysis cookies:<\/strong>They collect information about the type of navigation you are doing, the sections you use the most, products consulted, time zone of use, language, etc.<\/li>\n<\/ul>\n<h2 style=\"margin-top: 41px;\">WHAT ARE OWN AND THIRD PARTY COOKIES?<\/h2>\n<p>Own cookies are those generated by the page you are visiting and those of third parties are those generated by external services or providers.<\/p>\n<h2 style=\"margin-top: 41px;\">WHAT COOKIES DOES THIS WEB USE?<\/h2>\n<p>This website uses its own and third-party cookies. The following cookies are used on this website, which are detailed below:<\/p>\n<h3 style=\"margin-top: 15px;\"><strong>Own cookies<\/strong><\/h3>\n<ul style=\"margin-top: 15px;\">\n<li>Personalization: Cookies help us remember which pages or posts you have interacted with, so that we can show you related content.<\/li>\n<li style=\"margin-top: 5px;\">Preferences: Cookies allow us to remember your settings and preferences, such as your preferred language and your privacy settings.<\/li>\n<li style=\"margin-top: 5px;\">Security: We use cookies to avoid security risks.<\/li>\n<\/ul>\n<h3 style=\"margin-top: 15px;\"><strong>Third party cookies<\/strong><\/h3>\n<p>This website uses analysis services, specifically, Google Analytics to help the website analyze the use made by users of the website and improve its usability, but in no case are they associated with data that could identify the user. Google Analytics, is a web analytics service provided by Google, Inc., The user can consult <a href=\"https:\/\/www.google.es\/intl\/es\/policies\/technologies\/types\/\" target=\"_blank\" rel=\"noopener noreferrer\">here<\/a> the type of cookies used by Google.<\/p>\n<p>RNSinox is a user of the <strong>WordPress<\/strong> blog delivery and hosting platform, property of the North American company Automattic, Inc. For such purposes, the uses of such cookies by the systems are never under the control or management of the person responsible for the web, they can change their function at any time, and enter new cookies. These cookies do not report any benefit to the person responsible for this website. Automattic, Inc., also uses other cookies in order to help identify and track visitors to the sites of <strong>WordPress<\/strong>, know how they use the Automattic website, as well as their access preferences to it, as stated in the &#8220;Cookies&#8221; section of their <a href=\"http:\/\/automattic.com\/privacy\/\" target=\"_blank\" rel=\"noopener noreferrer\">privacy policy.<\/a><\/p>\n<p>Social media cookies can be stored in your browser while you browse rnsinox.com, for example, when you use the rnsinox.com content share button on a social network.<\/p>\n<p>Below you have information about the cookies of the social networks that this website uses in its own cookie policies:<\/p>\n<ul style=\"margin-top: 15px;\">\n<li>Facebook cookies, see more information in their <a href=\"https:\/\/www.facebook.com\/policies\/cookies\/\" target=\"_blank\" rel=\"noopener noreferrer\">cookie policy<\/a><\/li>\n<li style=\"margin-top: 5px;\">Twitter cookies, see more information in its<a href=\"https:\/\/twitter.com\/privacy\" target=\"_blank\" rel=\"noopener noreferrer\">cookie policy<\/a><\/li>\n<li style=\"margin-top: 5px;\">Linkedin cookies, see more information in its <a href=\"https:\/\/www.linkedin.com\/legal\/cookie-policy?trk=hp-cookies\" target=\"_blank\" rel=\"noopener noreferrer\">cookie policy<\/a><\/li>\n<li style=\"margin-top: 5px;\">Instagram cookies, see more information in its <a href=\"https:\/\/www.facebook.com\/policies\/cookies\/\" target=\"_blank\" rel=\"noopener noreferrer\">cookie policy<\/a> <\/li>\n<\/ul>\n<h2 style=\"margin-top: 41px;\">CAN COOKIES BE ELIMINATED?<\/h2>\n<p>Yes, and not only delete, but also block, in a general or particular way for a specific domain.<\/p>\n<p>To delete cookies from a website you must go to your browser settings and there you can search for those associated with the domain in question and proceed to delete them.<\/p>\n<ul style=\"margin-top: 15px;\">\n<li>Cookie settings for <a href=\"http:\/\/support.google.com\/chrome\/bin\/answer.py?hl=es&amp;answer=95647\" target=\"_blank\" rel=\"noopener noreferrer\">Google Chrome<\/a><\/li>\n<li style=\"margin-top: 5px;\">Cookie settings for <a href=\"https:\/\/support.apple.com\/es-es\/HT201265\" target=\"_blank\" rel=\"noopener noreferrer\">Apple Safari<\/a><\/li>\n<li style=\"margin-top: 5px;\">Cookie settings for<a href=\"https:\/\/support.microsoft.com\/en-us\/help\/17442\/windows-internet-explorer-delete-manage-cookies#ie=ie-10\" target=\"_blank\" rel=\"noopener noreferrer\">Internet Explorer<\/a><\/li>\n<li style=\"margin-top: 5px;\">Cookie settings for <a href=\"https:\/\/support.mozilla.org\/es\/kb\/Borrar%20cookies\" target=\"_blank\" rel=\"noopener noreferrer\">Mozilla Firefox<\/a><\/li>\n<\/ul>\n<h2 style=\"margin-top: 41px;\">MORE INFORMATION ABOUT COOKIES<\/h2>\n<p>You can get more information about cookies on the Internet, <a href=\"http:\/\/politicadecookies.com\/cookies.php\" target=\"_blank\" rel=\"noopener noreferrer\">http:\/\/politicadecookies.com<\/a><\/p>\n<p>If you want to have more control over the installation of cookies, you can install programs or add-ons to your browser, known as \u201cDo Not Track\u201d tools, which will allow you to choose the cookies you want to allow, programs like: <a href=\"https:\/\/www.ghostery.com\/\" target=\"_blank\" rel=\"noopener noreferrer\">Ghostery<\/a> or <a href=\"http:\/\/www.youronlinechoices.com\/es\/\" target=\"_blank\" rel=\"noopener noreferrer\">Your Online Choices<\/a>.<\/p>\n<h3 style=\"margin-top: 41px; text-align: right;\"><strong>Document last updated on 06\/07\/2021<\/strong><\/h3>\n\t\t\t\t\t\t\t\t<\/div>\n\t\t\t\t<\/div>\n\t\t\t\t\t<\/div>\n\t\t<\/div>\n\t\t\t\t\t<\/div>\n\t\t<\/section>\n\t\t\t\t<\/div>\n\t\t","protected":false},"excerpt":{"rendered":"<p>Cookies Policy It is great that you choose to be informed and take a moment to read this section. On this website we collect and use information as indicated in our privacy policy. One of the ways in which we collect information is through the use of technology called &#8220;cookies&#8221;, at RNSinox we use them [&hellip;]<\/p>\n","protected":false},"author":18,"featured_media":0,"parent":0,"menu_order":0,"comment_status":"closed","ping_status":"closed","template":"elementor_header_footer","meta":{"_acf_changed":false,"_daextinma_seo_power":"","_daextinma_enable_ail":"","footnotes":""},"class_list":["post-14868","page","type-page","status-publish","hentry"],"acf":[],"yoast_head":"<!-- This site is optimized with the Yoast SEO plugin v27.3 - https:\/\/yoast.com\/product\/yoast-seo-wordpress\/ -->\n<title>Cookies Policy<\/title>\n<meta name=\"description\" content=\"Cookies are files that are downloaded to your computer to collect standard Internet log information and browsing information.\" \/>\n<meta name=\"robots\" content=\"index, follow, max-snippet:-1, max-image-preview:large, max-video-preview:-1\" \/>\n<link rel=\"canonical\" href=\"https:\/\/rnsinox.com\/en\/cookies-policy\/\" \/>\n<meta property=\"og:locale\" content=\"en_US\" \/>\n<meta property=\"og:type\" content=\"article\" \/>\n<meta property=\"og:title\" content=\"Cookies Policy\" \/>\n<meta property=\"og:description\" content=\"Cookies are files that are downloaded to your computer to collect standard Internet log information and browsing information.\" \/>\n<meta property=\"og:url\" content=\"https:\/\/rnsinox.com\/en\/cookies-policy\/\" \/>\n<meta property=\"og:site_name\" content=\"RNSinox - Transformaci\u00f3n Met\u00e1lica Valencia\" \/>\n<meta property=\"article:publisher\" content=\"https:\/\/www.facebook.com\/RNSinox\/\" \/>\n<meta property=\"article:modified_time\" content=\"2024-01-10T15:25:38+00:00\" \/>\n<meta name=\"twitter:card\" content=\"summary_large_image\" \/>\n<meta name=\"twitter:label1\" content=\"Est. reading time\" \/>\n\t<meta name=\"twitter:data1\" content=\"4 minutes\" \/>\n<script type=\"application\/ld+json\" class=\"yoast-schema-graph\">{\"@context\":\"https:\\\/\\\/schema.org\",\"@graph\":[{\"@type\":\"WebPage\",\"@id\":\"https:\\\/\\\/rnsinox.com\\\/en\\\/cookies-policy\\\/\",\"url\":\"https:\\\/\\\/rnsinox.com\\\/en\\\/cookies-policy\\\/\",\"name\":\"Cookies Policy\",\"isPartOf\":{\"@id\":\"https:\\\/\\\/rnsinox.com\\\/en\\\/#website\"},\"datePublished\":\"2021-07-10T08:01:31+00:00\",\"dateModified\":\"2024-01-10T15:25:38+00:00\",\"description\":\"Cookies are files that are downloaded to your computer to collect standard Internet log information and browsing information.\",\"breadcrumb\":{\"@id\":\"https:\\\/\\\/rnsinox.com\\\/en\\\/cookies-policy\\\/#breadcrumb\"},\"inLanguage\":\"en-US\",\"potentialAction\":[{\"@type\":\"ReadAction\",\"target\":[\"https:\\\/\\\/rnsinox.com\\\/en\\\/cookies-policy\\\/\"]}]},{\"@type\":\"BreadcrumbList\",\"@id\":\"https:\\\/\\\/rnsinox.com\\\/en\\\/cookies-policy\\\/#breadcrumb\",\"itemListElement\":[{\"@type\":\"ListItem\",\"position\":1,\"name\":\"Portada\",\"item\":\"https:\\\/\\\/rnsinox.com\\\/en\\\/\"},{\"@type\":\"ListItem\",\"position\":2,\"name\":\"Cookies Policy\"}]},{\"@type\":\"WebSite\",\"@id\":\"https:\\\/\\\/rnsinox.com\\\/en\\\/#website\",\"url\":\"https:\\\/\\\/rnsinox.com\\\/en\\\/\",\"name\":\"RNSinox - Transformaci\u00f3n Met\u00e1lica Valencia\",\"description\":\"RNSinox desde 1965 como empresa especializada en transformaci\u00f3n met\u00e1lica para la subcontrataci\u00f3n industrial\",\"publisher\":{\"@id\":\"https:\\\/\\\/rnsinox.com\\\/en\\\/#organization\"},\"potentialAction\":[{\"@type\":\"SearchAction\",\"target\":{\"@type\":\"EntryPoint\",\"urlTemplate\":\"https:\\\/\\\/rnsinox.com\\\/en\\\/?s={search_term_string}\"},\"query-input\":{\"@type\":\"PropertyValueSpecification\",\"valueRequired\":true,\"valueName\":\"search_term_string\"}}],\"inLanguage\":\"en-US\"},{\"@type\":\"Organization\",\"@id\":\"https:\\\/\\\/rnsinox.com\\\/en\\\/#organization\",\"name\":\"RNSinox - Transformaci\u00f3n Met\u00e1lica Valencia\",\"url\":\"https:\\\/\\\/rnsinox.com\\\/en\\\/\",\"logo\":{\"@type\":\"ImageObject\",\"inLanguage\":\"en-US\",\"@id\":\"https:\\\/\\\/rnsinox.com\\\/en\\\/#\\\/schema\\\/logo\\\/image\\\/\",\"url\":\"https:\\\/\\\/rnsinox.com\\\/wp-content\\\/uploads\\\/2021\\\/07\\\/logotipo.png\",\"contentUrl\":\"https:\\\/\\\/rnsinox.com\\\/wp-content\\\/uploads\\\/2021\\\/07\\\/logotipo.png\",\"width\":231,\"height\":98,\"caption\":\"RNSinox - Transformaci\u00f3n Met\u00e1lica Valencia\"},\"image\":{\"@id\":\"https:\\\/\\\/rnsinox.com\\\/en\\\/#\\\/schema\\\/logo\\\/image\\\/\"},\"sameAs\":[\"https:\\\/\\\/www.facebook.com\\\/RNSinox\\\/\"]}]}<\/script>\n<!-- \/ Yoast SEO plugin. -->","yoast_head_json":{"title":"Cookies Policy","description":"Cookies are files that are downloaded to your computer to collect standard Internet log information and browsing information.","robots":{"index":"index","follow":"follow","max-snippet":"max-snippet:-1","max-image-preview":"max-image-preview:large","max-video-preview":"max-video-preview:-1"},"canonical":"https:\/\/rnsinox.com\/en\/cookies-policy\/","og_locale":"en_US","og_type":"article","og_title":"Cookies Policy","og_description":"Cookies are files that are downloaded to your computer to collect standard Internet log information and browsing information.","og_url":"https:\/\/rnsinox.com\/en\/cookies-policy\/","og_site_name":"RNSinox - Transformaci\u00f3n Met\u00e1lica Valencia","article_publisher":"https:\/\/www.facebook.com\/RNSinox\/","article_modified_time":"2024-01-10T15:25:38+00:00","twitter_card":"summary_large_image","twitter_misc":{"Est. reading time":"4 minutes"},"schema":{"@context":"https:\/\/schema.org","@graph":[{"@type":"WebPage","@id":"https:\/\/rnsinox.com\/en\/cookies-policy\/","url":"https:\/\/rnsinox.com\/en\/cookies-policy\/","name":"Cookies Policy","isPartOf":{"@id":"https:\/\/rnsinox.com\/en\/#website"},"datePublished":"2021-07-10T08:01:31+00:00","dateModified":"2024-01-10T15:25:38+00:00","description":"Cookies are files that are downloaded to your computer to collect standard Internet log information and browsing information.","breadcrumb":{"@id":"https:\/\/rnsinox.com\/en\/cookies-policy\/#breadcrumb"},"inLanguage":"en-US","potentialAction":[{"@type":"ReadAction","target":["https:\/\/rnsinox.com\/en\/cookies-policy\/"]}]},{"@type":"BreadcrumbList","@id":"https:\/\/rnsinox.com\/en\/cookies-policy\/#breadcrumb","itemListElement":[{"@type":"ListItem","position":1,"name":"Portada","item":"https:\/\/rnsinox.com\/en\/"},{"@type":"ListItem","position":2,"name":"Cookies Policy"}]},{"@type":"WebSite","@id":"https:\/\/rnsinox.com\/en\/#website","url":"https:\/\/rnsinox.com\/en\/","name":"RNSinox - Transformaci\u00f3n Met\u00e1lica Valencia","description":"RNSinox desde 1965 como empresa especializada en transformaci\u00f3n met\u00e1lica para la subcontrataci\u00f3n industrial","publisher":{"@id":"https:\/\/rnsinox.com\/en\/#organization"},"potentialAction":[{"@type":"SearchAction","target":{"@type":"EntryPoint","urlTemplate":"https:\/\/rnsinox.com\/en\/?s={search_term_string}"},"query-input":{"@type":"PropertyValueSpecification","valueRequired":true,"valueName":"search_term_string"}}],"inLanguage":"en-US"},{"@type":"Organization","@id":"https:\/\/rnsinox.com\/en\/#organization","name":"RNSinox - Transformaci\u00f3n Met\u00e1lica Valencia","url":"https:\/\/rnsinox.com\/en\/","logo":{"@type":"ImageObject","inLanguage":"en-US","@id":"https:\/\/rnsinox.com\/en\/#\/schema\/logo\/image\/","url":"https:\/\/rnsinox.com\/wp-content\/uploads\/2021\/07\/logotipo.png","contentUrl":"https:\/\/rnsinox.com\/wp-content\/uploads\/2021\/07\/logotipo.png","width":231,"height":98,"caption":"RNSinox - Transformaci\u00f3n Met\u00e1lica Valencia"},"image":{"@id":"https:\/\/rnsinox.com\/en\/#\/schema\/logo\/image\/"},"sameAs":["https:\/\/www.facebook.com\/RNSinox\/"]}]}},"_links":{"self":[{"href":"https:\/\/rnsinox.com\/en\/wp-json\/wp\/v2\/pages\/14868","targetHints":{"allow":["GET"]}}],"collection":[{"href":"https:\/\/rnsinox.com\/en\/wp-json\/wp\/v2\/pages"}],"about":[{"href":"https:\/\/rnsinox.com\/en\/wp-json\/wp\/v2\/types\/page"}],"author":[{"embeddable":true,"href":"https:\/\/rnsinox.com\/en\/wp-json\/wp\/v2\/users\/18"}],"replies":[{"embeddable":true,"href":"https:\/\/rnsinox.com\/en\/wp-json\/wp\/v2\/comments?post=14868"}],"version-history":[{"count":0,"href":"https:\/\/rnsinox.com\/en\/wp-json\/wp\/v2\/pages\/14868\/revisions"}],"wp:attachment":[{"href":"https:\/\/rnsinox.com\/en\/wp-json\/wp\/v2\/media?parent=14868"}],"curies":[{"name":"wp","href":"https:\/\/api.w.org\/{rel}","templated":true}]}}