{"id":14914,"date":"2021-07-11T00:08:53","date_gmt":"2021-07-10T22:08:53","guid":{"rendered":"https:\/\/rnsinox.comprivacy-policy\/"},"modified":"2023-11-30T19:50:25","modified_gmt":"2023-11-30T18:50:25","slug":"privacy-policy","status":"publish","type":"page","link":"https:\/\/rnsinox.com\/en\/privacy-policy\/","title":{"rendered":"Privacy Policy"},"content":{"rendered":"\t\t<div data-elementor-type=\"wp-page\" data-elementor-id=\"14914\" class=\"elementor elementor-14914 elementor-3\" data-elementor-post-type=\"page\">\n\t\t\t\t\t\t<section class=\"elementor-section elementor-top-section elementor-element elementor-element-32137f8d elementor-section-boxed elementor-section-height-default elementor-section-height-default\" data-id=\"32137f8d\" data-element_type=\"section\" data-e-type=\"section\" data-settings=\"{&quot;background_background&quot;:&quot;classic&quot;}\">\n\t\t\t\t\t\t\t<div class=\"elementor-background-overlay\"><\/div>\n\t\t\t\t\t\t\t<div class=\"elementor-container elementor-column-gap-no\">\n\t\t\t\t\t<div class=\"elementor-column elementor-col-100 elementor-top-column elementor-element elementor-element-12f0537e\" data-id=\"12f0537e\" data-element_type=\"column\" data-e-type=\"column\">\n\t\t\t<div class=\"elementor-widget-wrap elementor-element-populated\">\n\t\t\t\t\t\t<div class=\"elementor-element elementor-element-49f5e6f6 elementor-widget elementor-widget-heading\" data-id=\"49f5e6f6\" data-element_type=\"widget\" data-e-type=\"widget\" data-widget_type=\"heading.default\">\n\t\t\t\t<div class=\"elementor-widget-container\">\n\t\t\t\t\t<h2 class=\"elementor-heading-title elementor-size-default\">Privacy Policy<\/h2>\t\t\t\t<\/div>\n\t\t\t\t<\/div>\n\t\t\t\t<div class=\"elementor-element elementor-element-6dbb3f93 elementor-widget elementor-widget-text-editor\" data-id=\"6dbb3f93\" data-element_type=\"widget\" data-e-type=\"widget\" data-widget_type=\"text-editor.default\">\n\t\t\t\t<div class=\"elementor-widget-container\">\n\t\t\t\t\t\t\t\t\t<p>We greatly value your commitment when deciding to read this page of our website. The text before you explains what, how and why we use your information when you visit this website. Your privacy is very important to us, and we will never misuse the personal information you entrust to us. We invite you to read these terms carefully before providing your personal data on this website.<\/p>\n<h2 style=\"margin-top: 41px;\">MINOR WARNING<\/h2>\n<p>If you are under 13 years of age, you should not leave your data on this website unless authorized by your parents. In no case will data related to the professional, economic situation or the privacy of family members be collected from the minor without their consent.<\/p>\n<h2 style=\"margin-top: 41px;\">LEGAL REGULATIONS TO WHICH THIS WEBSITE IS WELCOMED<\/h2>\n<p>Rnsinox.com is in compliance with the requirements of Organic Law 3\/2018, of December 5, on the Protection of Personal Data and guarantee of digital rights. It also complies with Regulation (EU) 2016\/679 of the European Parliament and of the Council of April 27, 2016 regarding the protection of natural persons (RGPD). As well as with Royal Decree-Law 13\/2012, of March 30, which modifies Law 34\/2002, of July 11, on Services of the Information Society and Electronic Commerce (LSSICE or LSSI).<\/p>\n<h2 style=\"margin-top: 41px;\">YOUR PRIVACY AND YOUR RIGHTS ARE RESPECTED ON THIS WEB<\/h2>\n<p>At rnsinox.com we respect and take care of the personal data of users. As a user you should know that your rights are guaranteed.<br \/>We have paid special attention to creating a safe and reliable space, the principles that we assume regarding your personal data are:<\/p>\n<ul style=\"margin-top: 15px;\">\n<li><strong>Principle of legality, loyalty and transparency:<\/strong> We will always require your consent for the processing of your personal data for one or more specific purposes of which we will inform you in advance with absolute transparency.<\/li>\n<li style=\"margin-top: 5px;\"><strong>Principle of data minimization:<\/strong>We will only request data that is strictly necessary in relation to the purposes for which we require it. The minimum possible.<\/li>\n<li style=\"margin-top: 5px;\"><strong>Principle of limitation of the conservation period:<\/strong> The data will be kept for no longer than is necessary for the purposes of the treatment, depending on the purpose, we will inform you of the corresponding conservation period, in the case of subscriptions, we will periodically review our list and eliminate those inactive records for a considerable time of between 6 months and a year.<\/li>\n<li style=\"margin-top: 5px;\"><strong>Principle of integrity and confidentiality:<\/strong>Your data will be treated in such a way that adequate security of personal data is guaranteed and confidentiality is guaranteed. You should know that we take all necessary precautions to prevent unauthorized access or improper use of user data by third parties. In addition, under no circumstances will user data obtained through this website be shared nor will user data be transferred to third parties unless they have been previously informed and have their express authorization.<\/li>\n<li style=\"margin-top: 5px;\"><strong>We advocate for a culture of respect and maximum transparency:<\/strong> You will always and at all times have access to the data of the person responsible for this website and the management of your information, you will always know the purpose for which your data will be used, we will always require your consent for that purpose and you can always revoke your prior consent.<\/li>\n<\/ul>\n<h2 style=\"margin-top: 41px;\">RESPONSIBLE FOR THE TREATMENT OF YOUR PERSONAL DATA<\/h2>\n<ul style=\"margin-top: 15px;\">\n<li><strong>Responsible identity:<\/strong> Ram\u00f3n Navarrete Soria, S.A.<\/li>\n<li style=\"margin-top: 5px;\"><strong>Tradename<\/strong>: RNSinox<\/li>\n<li style=\"margin-top: 5px;\"><strong>CIF<\/strong>: A96011317<\/li>\n<li style=\"margin-top: 5px;\"><strong>Address<\/strong>: C\/ Huelva n\u00ba 17, 46113 &#8211; Moncada &#8211; Valencia. Spain<\/li>\n<li style=\"margin-top: 5px;\"><strong>Email<\/strong>: <a href=\"mailto:rnsinox@rnsinox.com\">rnsinox@rnsinox.com<\/a><\/li>\n<\/ul>\n<h2 style=\"margin-top: 41px;\">SHIPPING AND REGISTRATION OF PERSONAL DATA<\/h2>\n<p>Sending personal data is mandatory to contact and comment on the RNSinox blog. Likewise, not providing the requested personal data or not accepting this data protection policy means that it is impossible to process the requests made on this portal.<\/p>\n<p>For the purposes of the provisions of the General Data Protection Regulation cited above, the personal data that you send through the forms on the web, will receive the data treatment of \u201cUsers of the web\u201d.<\/p>\n<p>For data processing we implement all technical and organizational security measures established in current legislation.<\/p>\n<p>As a user, you will always have the right to revoke that prior consent at any time.<\/p>\n<h2 style=\"margin-top: 41px;\">PERSONAL INFORMATION CAPTURE SYSTEMS USING THIS WEBSITE<\/h2>\n<p>Below we detail the different systems for capturing personal information that we use at rnsinox.com.<\/p>\n<ul style=\"margin-top: 15px;\">\n<li><strong>Comments form:<\/strong> The web includes a form to comment on the published posts. The personal data entered in the form to insert these comments will be used exclusively to moderate and publish them.<\/li>\n<li style=\"margin-top: 5px;\"><strong>Contact form:<\/strong> There is also a contact form for questions, suggestions or professional contact. In this case, the email address will be used to respond to them and send the information that the user requires through the web. Please do not use this form to send us advertising.<\/li>\n<li style=\"margin-top: 5px;\"><strong>Cookies:<\/strong>When a user registers or browses this website, &#8220;cookies&#8221; are stored. The user can consult the cookie policy at any time to obtain more information on the use of cookies and how to deactivate them.<\/li>\n<\/ul>\n<h2 style=\"margin-top: 41px;\">LEGITIMATION FOR THE TREATMENT OF YOUR DATA<\/h2>\n<p>The legal basis for the processing of your data is: <strong>consent.<\/strong><br \/>To contact or make comments on this website, consent is required with this privacy policy.<\/p>\n<h2 style=\"margin-top: 41px;\">DATA CATEGORY<\/h2>\n<p>The categories of data that are treated are identifying data, specifically, name, email and IP address.<br \/>Specially protected data categories are not treated.<\/p>\n<h2 style=\"margin-top: 41px;\">FOR HOW LONG WILL I KEEP YOUR DATA?<\/h2>\n<p><b>The personal data provided will be kept:<\/b> Until the interested party requests its deletion.<\/p>\n<h2 style=\"margin-top: 41px;\">SERVICES OFFERED BY THIRD PARTIES ON THIS WEBSITE?<\/h2>\n<p>To provide services strictly necessary for the development of our activity, we use the following providers under their corresponding privacy conditions:<\/p>\n<p><strong>Hosting:<\/strong>Nunsys, S.L., with address at Calle Gustave Eiffel, 3. 46980 Parque Tecnol\u00f3gico -Paterna, Valencia. Spain You should know that the hosting is 100% Spanish and 100% secure. It uses SSL (Secure Sockets Layer) protocols (secure connection layer) It is the standard security technology used on the Internet to establish a secure (encrypted) connection between a server (website) and your browser (for example Internet Explorer, Chrome, Firefox , etc.). This secure connection ensures that all data transmitted from the browser to the server will remain private and that your data is safe from hackers or anyone who tries to spy \/ steal that information.<\/p>\n<p>More information at <a href=\"https:\/\/www.nunsys.com\/\" target=\"_blank\" rel=\"noopener noreferrer\">https:\/\/www.nunsys.com<\/a>. Nunsys, S.L. treats the data in order to perform its hosting services to RNSinox.<\/p>\n<p><strong>Web platform:<\/strong>WordPress.org more information at <a href=\"https:\/\/wordpress.org\/\" target=\"_blank\" rel=\"noopener noreferrer\">https:\/\/wordpress.org\/<\/a>treats the data in order to perform its support services to rnsinox.com<\/p>\n<p><b>Analysis service: Google Analytics:<\/b> a web analytics service provided by <a href=\"https:\/\/www.google.com\/intl\/es\/about\/\" target=\"_blank\" rel=\"noopener noreferrer\">Google, Inc.<\/a>, a Delaware company whose main office is at 1600 Amphitheater Parkway, Mountain View (California), CA 94043, United States (\u201cGoogle\u201d). Google Analytics uses &#8220;cookies&#8221;, which are text files located on your computer, to help rnsinox.com analyze how users use the website. The information generated by the cookie about your use of rnsinox.com (including your IP address) will be directly transmitted and filed by Google on servers in the United States.<\/p>\n<h2 style=\"margin-top: 41px;\">SECRET AND SECURITY OF DATA<\/h2>\n<p>Rnsinox.com is committed to the use and treatment of personal data collected from users, respecting their confidentiality and using them in accordance with the purpose thereof, as well as to comply with their obligation to save them and adapt all measures to avoid the alteration, loss, treatment or unauthorized access (such as the Https protocols that we use), in accordance with the provisions of current data protection regulations.<\/p>\n<p>Rnsinox.com cannot guarantee the absolute impregnability of the Internet network and therefore the violation of data through fraudulent access to them by third parties.<\/p>\n<h2 style=\"margin-top: 41px;\">ACCURACY AND TRUTH OF THE DATA<\/h2>\n<p>As a user, you are solely responsible for the veracity and correctness of the data you send to rnsinox.com, exonerating RNSinox from any responsibility in this regard. Users guarantee and are responsible, in any case, for the accuracy, validity and authenticity of the personal data provided, and undertake to keep them duly updated. The user agrees to provide complete and correct information in the contact or registration form.<\/p>\n<h2 style=\"margin-top: 41px;\">EXERCISE OF RIGHTS OVER YOUR OWN INFORMATION<\/h2>\n<p>As a user, you will be able to direct your communications and exercise your rights by following the formalities imposed by Organic Law 15\/1999, of December 13, on the Protection of Personal Data and its Development Regulations.<\/p>\n<p>Interested parties may <b>access<\/b> their personal data, as well as request the <b>rectification<\/b> of inaccurate data or, where appropriate, request its <b>deletion<\/b> when, among other reasons, the data is no longer necessary for the purposes for which it was collected.<\/p>\n<p>You can exercise your rights of access, rectification, cancellation and opposition by contacting: <a href=\"mailto:rnsinox@rnsinox.com\">rnsinox@rnsinox.com<\/a><\/p>\n<h2>ACCEPTANCE AND CONSENT<\/h2>\n<p>The user declares to have been informed of the conditions on protection of personal data, accepting and consenting to the treatment thereof by RNSinox in the manner and for the purposes indicated in this privacy policy.<\/p>\n<h2 style=\"margin-top: 41px;\">REVOCABILITY<\/h2>\n<p>The consent given, both for the treatment and for the transfer of the data of the interested parties, is revocable at any time by communicating it to RNSinox in the terms established in this Policy for the exercise of ARCO rights. This revocation will in no case be retroactive.<\/p>\n<h2 style=\"margin-top: 41px;\">CHANGES IN THE PRIVACY POLICY<\/h2>\n<p>Rnsinox.com reserves the right to modify this policy to adapt it to new legislation or jurisprudence, as well as industry practices. In such cases, the changes introduced will be announced on this page with reasonable anticipation of their implementation.<\/p>\n<h3 style=\"margin-top: 41px; text-align: right;\"><strong>Document last updated on 06\/07\/2021<\/strong><\/h3><\/p>\n\t\t\t\t\t\t\t\t<\/div>\n\t\t\t\t<\/div>\n\t\t\t\t\t<\/div>\n\t\t<\/div>\n\t\t\t\t\t<\/div>\n\t\t<\/section>\n\t\t\t\t<\/div>\n\t\t","protected":false},"excerpt":{"rendered":"<p>Privacy Policy We greatly value your commitment when deciding to read this page of our website. The text before you explains what, how and why we use your information when you visit this website. Your privacy is very important to us, and we will never misuse the personal information you entrust to us. We invite [&hellip;]<\/p>\n","protected":false},"author":18,"featured_media":0,"parent":0,"menu_order":0,"comment_status":"closed","ping_status":"closed","template":"elementor_header_footer","meta":{"_acf_changed":false,"_daextinma_seo_power":"","_daextinma_enable_ail":"","footnotes":""},"class_list":["post-14914","page","type-page","status-publish","hentry"],"acf":[],"yoast_head":"<!-- This site is optimized with the Yoast SEO plugin v27.3 - https:\/\/yoast.com\/product\/yoast-seo-wordpress\/ -->\n<title>Privacy Policy<\/title>\n<meta name=\"description\" content=\"This privacy policy describes how we treat your personal data and provides information about your rights as an interested party.\" \/>\n<meta name=\"robots\" content=\"index, follow, max-snippet:-1, max-image-preview:large, max-video-preview:-1\" \/>\n<link rel=\"canonical\" href=\"https:\/\/rnsinox.com\/en\/privacy-policy\/\" \/>\n<meta property=\"og:locale\" content=\"en_US\" \/>\n<meta property=\"og:type\" content=\"article\" \/>\n<meta property=\"og:title\" content=\"Privacy Policy\" \/>\n<meta property=\"og:description\" content=\"This privacy policy describes how we treat your personal data and provides information about your rights as an interested party.\" \/>\n<meta property=\"og:url\" content=\"https:\/\/rnsinox.com\/en\/privacy-policy\/\" \/>\n<meta property=\"og:site_name\" content=\"RNSinox - Transformaci\u00f3n Met\u00e1lica Valencia\" \/>\n<meta property=\"article:publisher\" content=\"https:\/\/www.facebook.com\/RNSinox\/\" \/>\n<meta property=\"article:modified_time\" content=\"2023-11-30T18:50:25+00:00\" \/>\n<meta name=\"twitter:card\" content=\"summary_large_image\" \/>\n<meta name=\"twitter:label1\" content=\"Est. reading time\" \/>\n\t<meta name=\"twitter:data1\" content=\"8 minutes\" \/>\n<script type=\"application\/ld+json\" class=\"yoast-schema-graph\">{\"@context\":\"https:\\\/\\\/schema.org\",\"@graph\":[{\"@type\":\"WebPage\",\"@id\":\"https:\\\/\\\/rnsinox.com\\\/en\\\/privacy-policy\\\/\",\"url\":\"https:\\\/\\\/rnsinox.com\\\/en\\\/privacy-policy\\\/\",\"name\":\"Privacy Policy\",\"isPartOf\":{\"@id\":\"https:\\\/\\\/rnsinox.com\\\/en\\\/#website\"},\"datePublished\":\"2021-07-10T22:08:53+00:00\",\"dateModified\":\"2023-11-30T18:50:25+00:00\",\"description\":\"This privacy policy describes how we treat your personal data and provides information about your rights as an interested party.\",\"breadcrumb\":{\"@id\":\"https:\\\/\\\/rnsinox.com\\\/en\\\/privacy-policy\\\/#breadcrumb\"},\"inLanguage\":\"en-US\",\"potentialAction\":[{\"@type\":\"ReadAction\",\"target\":[\"https:\\\/\\\/rnsinox.com\\\/en\\\/privacy-policy\\\/\"]}]},{\"@type\":\"BreadcrumbList\",\"@id\":\"https:\\\/\\\/rnsinox.com\\\/en\\\/privacy-policy\\\/#breadcrumb\",\"itemListElement\":[{\"@type\":\"ListItem\",\"position\":1,\"name\":\"Portada\",\"item\":\"https:\\\/\\\/rnsinox.com\\\/en\\\/\"},{\"@type\":\"ListItem\",\"position\":2,\"name\":\"Privacy Policy\"}]},{\"@type\":\"WebSite\",\"@id\":\"https:\\\/\\\/rnsinox.com\\\/en\\\/#website\",\"url\":\"https:\\\/\\\/rnsinox.com\\\/en\\\/\",\"name\":\"RNSinox - Transformaci\u00f3n Met\u00e1lica Valencia\",\"description\":\"RNSinox desde 1965 como empresa especializada en transformaci\u00f3n met\u00e1lica para la subcontrataci\u00f3n industrial\",\"publisher\":{\"@id\":\"https:\\\/\\\/rnsinox.com\\\/en\\\/#organization\"},\"potentialAction\":[{\"@type\":\"SearchAction\",\"target\":{\"@type\":\"EntryPoint\",\"urlTemplate\":\"https:\\\/\\\/rnsinox.com\\\/en\\\/?s={search_term_string}\"},\"query-input\":{\"@type\":\"PropertyValueSpecification\",\"valueRequired\":true,\"valueName\":\"search_term_string\"}}],\"inLanguage\":\"en-US\"},{\"@type\":\"Organization\",\"@id\":\"https:\\\/\\\/rnsinox.com\\\/en\\\/#organization\",\"name\":\"RNSinox - Transformaci\u00f3n Met\u00e1lica Valencia\",\"url\":\"https:\\\/\\\/rnsinox.com\\\/en\\\/\",\"logo\":{\"@type\":\"ImageObject\",\"inLanguage\":\"en-US\",\"@id\":\"https:\\\/\\\/rnsinox.com\\\/en\\\/#\\\/schema\\\/logo\\\/image\\\/\",\"url\":\"https:\\\/\\\/rnsinox.com\\\/wp-content\\\/uploads\\\/2021\\\/07\\\/logotipo.png\",\"contentUrl\":\"https:\\\/\\\/rnsinox.com\\\/wp-content\\\/uploads\\\/2021\\\/07\\\/logotipo.png\",\"width\":231,\"height\":98,\"caption\":\"RNSinox - Transformaci\u00f3n Met\u00e1lica Valencia\"},\"image\":{\"@id\":\"https:\\\/\\\/rnsinox.com\\\/en\\\/#\\\/schema\\\/logo\\\/image\\\/\"},\"sameAs\":[\"https:\\\/\\\/www.facebook.com\\\/RNSinox\\\/\"]}]}<\/script>\n<!-- \/ Yoast SEO plugin. -->","yoast_head_json":{"title":"Privacy Policy","description":"This privacy policy describes how we treat your personal data and provides information about your rights as an interested party.","robots":{"index":"index","follow":"follow","max-snippet":"max-snippet:-1","max-image-preview":"max-image-preview:large","max-video-preview":"max-video-preview:-1"},"canonical":"https:\/\/rnsinox.com\/en\/privacy-policy\/","og_locale":"en_US","og_type":"article","og_title":"Privacy Policy","og_description":"This privacy policy describes how we treat your personal data and provides information about your rights as an interested party.","og_url":"https:\/\/rnsinox.com\/en\/privacy-policy\/","og_site_name":"RNSinox - Transformaci\u00f3n Met\u00e1lica Valencia","article_publisher":"https:\/\/www.facebook.com\/RNSinox\/","article_modified_time":"2023-11-30T18:50:25+00:00","twitter_card":"summary_large_image","twitter_misc":{"Est. reading time":"8 minutes"},"schema":{"@context":"https:\/\/schema.org","@graph":[{"@type":"WebPage","@id":"https:\/\/rnsinox.com\/en\/privacy-policy\/","url":"https:\/\/rnsinox.com\/en\/privacy-policy\/","name":"Privacy Policy","isPartOf":{"@id":"https:\/\/rnsinox.com\/en\/#website"},"datePublished":"2021-07-10T22:08:53+00:00","dateModified":"2023-11-30T18:50:25+00:00","description":"This privacy policy describes how we treat your personal data and provides information about your rights as an interested party.","breadcrumb":{"@id":"https:\/\/rnsinox.com\/en\/privacy-policy\/#breadcrumb"},"inLanguage":"en-US","potentialAction":[{"@type":"ReadAction","target":["https:\/\/rnsinox.com\/en\/privacy-policy\/"]}]},{"@type":"BreadcrumbList","@id":"https:\/\/rnsinox.com\/en\/privacy-policy\/#breadcrumb","itemListElement":[{"@type":"ListItem","position":1,"name":"Portada","item":"https:\/\/rnsinox.com\/en\/"},{"@type":"ListItem","position":2,"name":"Privacy Policy"}]},{"@type":"WebSite","@id":"https:\/\/rnsinox.com\/en\/#website","url":"https:\/\/rnsinox.com\/en\/","name":"RNSinox - Transformaci\u00f3n Met\u00e1lica Valencia","description":"RNSinox desde 1965 como empresa especializada en transformaci\u00f3n met\u00e1lica para la subcontrataci\u00f3n industrial","publisher":{"@id":"https:\/\/rnsinox.com\/en\/#organization"},"potentialAction":[{"@type":"SearchAction","target":{"@type":"EntryPoint","urlTemplate":"https:\/\/rnsinox.com\/en\/?s={search_term_string}"},"query-input":{"@type":"PropertyValueSpecification","valueRequired":true,"valueName":"search_term_string"}}],"inLanguage":"en-US"},{"@type":"Organization","@id":"https:\/\/rnsinox.com\/en\/#organization","name":"RNSinox - Transformaci\u00f3n Met\u00e1lica Valencia","url":"https:\/\/rnsinox.com\/en\/","logo":{"@type":"ImageObject","inLanguage":"en-US","@id":"https:\/\/rnsinox.com\/en\/#\/schema\/logo\/image\/","url":"https:\/\/rnsinox.com\/wp-content\/uploads\/2021\/07\/logotipo.png","contentUrl":"https:\/\/rnsinox.com\/wp-content\/uploads\/2021\/07\/logotipo.png","width":231,"height":98,"caption":"RNSinox - Transformaci\u00f3n Met\u00e1lica Valencia"},"image":{"@id":"https:\/\/rnsinox.com\/en\/#\/schema\/logo\/image\/"},"sameAs":["https:\/\/www.facebook.com\/RNSinox\/"]}]}},"_links":{"self":[{"href":"https:\/\/rnsinox.com\/en\/wp-json\/wp\/v2\/pages\/14914","targetHints":{"allow":["GET"]}}],"collection":[{"href":"https:\/\/rnsinox.com\/en\/wp-json\/wp\/v2\/pages"}],"about":[{"href":"https:\/\/rnsinox.com\/en\/wp-json\/wp\/v2\/types\/page"}],"author":[{"embeddable":true,"href":"https:\/\/rnsinox.com\/en\/wp-json\/wp\/v2\/users\/18"}],"replies":[{"embeddable":true,"href":"https:\/\/rnsinox.com\/en\/wp-json\/wp\/v2\/comments?post=14914"}],"version-history":[{"count":0,"href":"https:\/\/rnsinox.com\/en\/wp-json\/wp\/v2\/pages\/14914\/revisions"}],"wp:attachment":[{"href":"https:\/\/rnsinox.com\/en\/wp-json\/wp\/v2\/media?parent=14914"}],"curies":[{"name":"wp","href":"https:\/\/api.w.org\/{rel}","templated":true}]}}