{"id":2883,"date":"2019-05-09T12:50:23","date_gmt":"2019-05-09T10:50:23","guid":{"rendered":"https:\/\/rnsinox.comquality\/"},"modified":"2024-01-10T16:20:10","modified_gmt":"2024-01-10T15:20:10","slug":"quality","status":"publish","type":"page","link":"https:\/\/rnsinox.com\/en\/quality\/","title":{"rendered":"Certified quality"},"content":{"rendered":"\t\t<div data-elementor-type=\"wp-page\" data-elementor-id=\"2883\" class=\"elementor elementor-2883 elementor-466\" data-elementor-post-type=\"page\">\n\t\t\t\t\t\t<section class=\"elementor-section elementor-top-section elementor-element elementor-element-23b83995 elementor-section-height-min-height elementor-section-full_width elementor-section-height-default elementor-section-items-middle\" data-id=\"23b83995\" data-element_type=\"section\" data-e-type=\"section\" data-settings=\"{&quot;background_background&quot;:&quot;classic&quot;}\">\n\t\t\t\t\t\t\t<div class=\"elementor-background-overlay\"><\/div>\n\t\t\t\t\t\t\t<div class=\"elementor-container elementor-column-gap-default\">\n\t\t\t\t\t<div class=\"elementor-column elementor-col-100 elementor-top-column elementor-element elementor-element-64b2fd5c\" data-id=\"64b2fd5c\" data-element_type=\"column\" data-e-type=\"column\">\n\t\t\t<div class=\"elementor-widget-wrap elementor-element-populated\">\n\t\t\t\t\t\t<section class=\"elementor-section elementor-inner-section elementor-element elementor-element-559ed27d elementor-section-boxed elementor-section-height-default elementor-section-height-default\" data-id=\"559ed27d\" data-element_type=\"section\" data-e-type=\"section\">\n\t\t\t\t\t\t<div class=\"elementor-container elementor-column-gap-default\">\n\t\t\t\t\t<div class=\"elementor-column elementor-col-50 elementor-inner-column elementor-element elementor-element-2f52bb08\" data-id=\"2f52bb08\" data-element_type=\"column\" data-e-type=\"column\">\n\t\t\t<div class=\"elementor-widget-wrap elementor-element-populated\">\n\t\t\t\t\t\t<div class=\"elementor-element elementor-element-578123aa elementor-invisible elementor-widget elementor-widget-heading\" data-id=\"578123aa\" data-element_type=\"widget\" data-e-type=\"widget\" data-settings=\"{&quot;_animation&quot;:&quot;fadeInUp&quot;}\" data-widget_type=\"heading.default\">\n\t\t\t\t<div class=\"elementor-widget-container\">\n\t\t\t\t\t<h1 class=\"elementor-heading-title elementor-size-default\">Certified quality<\/h1>\t\t\t\t<\/div>\n\t\t\t\t<\/div>\n\t\t\t\t\t<\/div>\n\t\t<\/div>\n\t\t\t\t<div class=\"elementor-column elementor-col-50 elementor-inner-column elementor-element elementor-element-2751ad93\" data-id=\"2751ad93\" data-element_type=\"column\" data-e-type=\"column\">\n\t\t\t<div class=\"elementor-widget-wrap\">\n\t\t\t\t\t\t\t<\/div>\n\t\t<\/div>\n\t\t\t\t\t<\/div>\n\t\t<\/section>\n\t\t\t\t\t<\/div>\n\t\t<\/div>\n\t\t\t\t\t<\/div>\n\t\t<\/section>\n\t\t\t\t<section class=\"elementor-section elementor-top-section elementor-element elementor-element-eee53c3 elementor-section-full_width elementor-section-height-default elementor-section-height-default\" data-id=\"eee53c3\" data-element_type=\"section\" data-e-type=\"section\">\n\t\t\t\t\t\t<div class=\"elementor-container elementor-column-gap-default\">\n\t\t\t\t\t<div class=\"elementor-column elementor-col-100 elementor-top-column elementor-element elementor-element-4899884a\" data-id=\"4899884a\" data-element_type=\"column\" data-e-type=\"column\">\n\t\t\t<div class=\"elementor-widget-wrap elementor-element-populated\">\n\t\t\t\t\t\t<div class=\"elementor-element elementor-element-3ef4f882 elementor-widget elementor-widget-image\" data-id=\"3ef4f882\" data-element_type=\"widget\" data-e-type=\"widget\" data-widget_type=\"image.default\">\n\t\t\t\t<div class=\"elementor-widget-container\">\n\t\t\t\t\t\t\t\t\t\t\t\t\t\t\t<img decoding=\"async\" src=\"https:\/\/rnsinox.com\/wp-content\/uploads\/2021\/07\/divisor-blanco.svg\" class=\"attachment-full size-full wp-image-11259\" alt=\"\" \/>\t\t\t\t\t\t\t\t\t\t\t\t\t\t\t<\/div>\n\t\t\t\t<\/div>\n\t\t\t\t<div class=\"elementor-element elementor-element-5d4e86d4 elementor-widget elementor-widget-spacer\" data-id=\"5d4e86d4\" data-element_type=\"widget\" data-e-type=\"widget\" data-widget_type=\"spacer.default\">\n\t\t\t\t<div class=\"elementor-widget-container\">\n\t\t\t\t\t\t\t<div class=\"elementor-spacer\">\n\t\t\t<div class=\"elementor-spacer-inner\"><\/div>\n\t\t<\/div>\n\t\t\t\t\t\t<\/div>\n\t\t\t\t<\/div>\n\t\t\t\t\t<\/div>\n\t\t<\/div>\n\t\t\t\t\t<\/div>\n\t\t<\/section>\n\t\t\t\t<section class=\"elementor-section elementor-top-section elementor-element elementor-element-128431c0 elementor-section-boxed elementor-section-height-default elementor-section-height-default\" data-id=\"128431c0\" data-element_type=\"section\" data-e-type=\"section\">\n\t\t\t\t\t\t<div class=\"elementor-container elementor-column-gap-default\">\n\t\t\t\t\t<div class=\"elementor-column elementor-col-100 elementor-top-column elementor-element elementor-element-7751a367\" data-id=\"7751a367\" data-element_type=\"column\" data-e-type=\"column\">\n\t\t\t<div class=\"elementor-widget-wrap elementor-element-populated\">\n\t\t\t\t\t\t<div class=\"elementor-element elementor-element-1a60dd6f elementor-widget elementor-widget-spacer\" data-id=\"1a60dd6f\" data-element_type=\"widget\" data-e-type=\"widget\" data-widget_type=\"spacer.default\">\n\t\t\t\t<div class=\"elementor-widget-container\">\n\t\t\t\t\t\t\t<div class=\"elementor-spacer\">\n\t\t\t<div class=\"elementor-spacer-inner\"><\/div>\n\t\t<\/div>\n\t\t\t\t\t\t<\/div>\n\t\t\t\t<\/div>\n\t\t\t\t<div class=\"elementor-element elementor-element-5bad4966 elementor-invisible elementor-widget elementor-widget-text-editor\" data-id=\"5bad4966\" data-element_type=\"widget\" data-e-type=\"widget\" data-settings=\"{&quot;_animation&quot;:&quot;fadeInDown&quot;}\" data-widget_type=\"text-editor.default\">\n\t\t\t\t<div class=\"elementor-widget-container\">\n\t\t\t\t\t\t\t\t\t<p><strong>Certified Quality in RNSinox<\/strong><span class=\"s1\">the quality department of our company<strong> ,<\/strong> has the priority argument of seriousness and certified quality, of its production, material and services, maintaining a professionalism recognized in the market.<\/span><\/p>\n<p class=\"p1\"><span class=\"s1\">The improvement in the service, the product and the productivity are primary objectives for RNSinox<\/span><\/p>\n<p class=\"p1\"><span class=\"s1\">Likewise, we must understand quality as supplying our customers with the products and the provision of services that they expect, taking into account all the specified requirements, including compliance with current regulations and legislation.<\/span><\/p>\n<p class=\"p1\"><span class=\"s1\">For this reason,<a href=\"https:\/\/rnsinox.com\/en\/\"> RNSinox<\/a> enhances continuous improvement in all its processes, by carrying out exhaustive controls and consultations with customers.<\/span><\/p>\n<p class=\"p1\"><span class=\"s1\"><strong>Our Quality Management System<\/strong> is certified according to UNE Standard in ISO <a href=\"https:\/\/rnsinox.com\/wp-content\/uploads\/2023\/03\/RNSINOX-ISO-90012015.pdf\">9001:2015<\/a>, <a href=\"https:\/\/rnsinox.com\/wp-content\/uploads\/2023\/03\/RNSINOX-ISO140012015.pdf\">ISO 14001:2015<\/a>, <a href=\"https:\/\/rnsinox.com\/wp-content\/uploads\/2023\/03\/RNSINOX-ISO-260002021.pdf\">ISO 26000:2021<\/a>.<\/span><\/p>\n\t\t\t\t\t\t\t\t<\/div>\n\t\t\t\t<\/div>\n\t\t\t\t<div class=\"elementor-element elementor-element-43bc423d elementor-align-center elementor-widget__width-initial elementor-widget elementor-widget-button\" data-id=\"43bc423d\" data-element_type=\"widget\" data-e-type=\"widget\" data-widget_type=\"button.default\">\n\t\t\t\t<div class=\"elementor-widget-container\">\n\t\t\t\t\t\t\t\t\t<div class=\"elementor-button-wrapper\">\n\t\t\t\t\t<a class=\"elementor-button elementor-button-link elementor-size-sm elementor-animation-bob\" href=\"https:\/\/rnsinox.com\/wp-content\/uploads\/2023\/03\/RNSINOX-ISO-90012015.pdf\">\n\t\t\t\t\t\t<span class=\"elementor-button-content-wrapper\">\n\t\t\t\t\t\t<span class=\"elementor-button-icon\">\n\t\t\t\t<i aria-hidden=\"true\" class=\"fas fa-download\"><\/i>\t\t\t<\/span>\n\t\t\t\t\t\t\t\t\t<span class=\"elementor-button-text\">ISO 9001:2015 Certificate<\/span>\n\t\t\t\t\t<\/span>\n\t\t\t\t\t<\/a>\n\t\t\t\t<\/div>\n\t\t\t\t\t\t\t\t<\/div>\n\t\t\t\t<\/div>\n\t\t\t\t<div class=\"elementor-element elementor-element-89a103c elementor-align-center elementor-widget__width-initial elementor-widget elementor-widget-button\" data-id=\"89a103c\" data-element_type=\"widget\" data-e-type=\"widget\" data-widget_type=\"button.default\">\n\t\t\t\t<div class=\"elementor-widget-container\">\n\t\t\t\t\t\t\t\t\t<div class=\"elementor-button-wrapper\">\n\t\t\t\t\t<a class=\"elementor-button elementor-button-link elementor-size-sm elementor-animation-bob\" href=\"https:\/\/rnsinox.com\/wp-content\/uploads\/2023\/03\/RNSINOX-ISO140012015.pdf\">\n\t\t\t\t\t\t<span class=\"elementor-button-content-wrapper\">\n\t\t\t\t\t\t<span class=\"elementor-button-icon\">\n\t\t\t\t<i aria-hidden=\"true\" class=\"fas fa-download\"><\/i>\t\t\t<\/span>\n\t\t\t\t\t\t\t\t\t<span class=\"elementor-button-text\">ISO 14001:2015 Certificate<\/span>\n\t\t\t\t\t<\/span>\n\t\t\t\t\t<\/a>\n\t\t\t\t<\/div>\n\t\t\t\t\t\t\t\t<\/div>\n\t\t\t\t<\/div>\n\t\t\t\t<div class=\"elementor-element elementor-element-000cad2 elementor-align-center elementor-widget__width-initial elementor-widget elementor-widget-button\" data-id=\"000cad2\" data-element_type=\"widget\" data-e-type=\"widget\" data-widget_type=\"button.default\">\n\t\t\t\t<div class=\"elementor-widget-container\">\n\t\t\t\t\t\t\t\t\t<div class=\"elementor-button-wrapper\">\n\t\t\t\t\t<a class=\"elementor-button elementor-button-link elementor-size-sm elementor-animation-bob\" href=\"https:\/\/rnsinox.com\/wp-content\/uploads\/2023\/03\/RNSINOX-ISO-260002021.pdf\">\n\t\t\t\t\t\t<span class=\"elementor-button-content-wrapper\">\n\t\t\t\t\t\t<span class=\"elementor-button-icon\">\n\t\t\t\t<i aria-hidden=\"true\" class=\"fas fa-download\"><\/i>\t\t\t<\/span>\n\t\t\t\t\t\t\t\t\t<span class=\"elementor-button-text\">ISO 26000:2021 Certificate<\/span>\n\t\t\t\t\t<\/span>\n\t\t\t\t\t<\/a>\n\t\t\t\t<\/div>\n\t\t\t\t\t\t\t\t<\/div>\n\t\t\t\t<\/div>\n\t\t\t\t\t<\/div>\n\t\t<\/div>\n\t\t\t\t\t<\/div>\n\t\t<\/section>\n\t\t\t\t<section class=\"elementor-section elementor-top-section elementor-element elementor-element-696badcb elementor-section-full_width elementor-section-height-default elementor-section-height-default\" data-id=\"696badcb\" data-element_type=\"section\" data-e-type=\"section\">\n\t\t\t\t\t\t<div class=\"elementor-container elementor-column-gap-no\">\n\t\t\t\t\t<div class=\"elementor-column elementor-col-100 elementor-top-column elementor-element elementor-element-e48fb77\" data-id=\"e48fb77\" data-element_type=\"column\" data-e-type=\"column\">\n\t\t\t<div class=\"elementor-widget-wrap elementor-element-populated\">\n\t\t\t\t\t\t<div class=\"elementor-element elementor-element-62bf274c elementor-widget elementor-widget-image\" data-id=\"62bf274c\" data-element_type=\"widget\" data-e-type=\"widget\" data-widget_type=\"image.default\">\n\t\t\t\t<div class=\"elementor-widget-container\">\n\t\t\t\t\t\t\t\t\t\t\t\t\t\t\t<img fetchpriority=\"high\" decoding=\"async\" width=\"1920\" height=\"483\" src=\"https:\/\/rnsinox.com\/wp-content\/uploads\/2021\/07\/B_02CALIDAD.RNSinox-1.png\" class=\"attachment-full size-full wp-image-11008\" alt=\"\" srcset=\"https:\/\/rnsinox.com\/wp-content\/uploads\/2021\/07\/B_02CALIDAD.RNSinox-1.png 1920w, https:\/\/rnsinox.com\/wp-content\/uploads\/2021\/07\/B_02CALIDAD.RNSinox-1-300x75.png 300w, https:\/\/rnsinox.com\/wp-content\/uploads\/2021\/07\/B_02CALIDAD.RNSinox-1-1024x258.png 1024w, https:\/\/rnsinox.com\/wp-content\/uploads\/2021\/07\/B_02CALIDAD.RNSinox-1-768x193.png 768w, https:\/\/rnsinox.com\/wp-content\/uploads\/2021\/07\/B_02CALIDAD.RNSinox-1-1536x386.png 1536w\" sizes=\"(max-width: 1920px) 100vw, 1920px\" \/>\t\t\t\t\t\t\t\t\t\t\t\t\t\t\t<\/div>\n\t\t\t\t<\/div>\n\t\t\t\t\t<\/div>\n\t\t<\/div>\n\t\t\t\t\t<\/div>\n\t\t<\/section>\n\t\t\t\t<section class=\"elementor-section elementor-top-section elementor-element elementor-element-4f8b8f0 elementor-section-boxed elementor-section-height-default elementor-section-height-default\" data-id=\"4f8b8f0\" data-element_type=\"section\" data-e-type=\"section\" data-settings=\"{&quot;background_background&quot;:&quot;classic&quot;}\">\n\t\t\t\t\t\t<div class=\"elementor-container elementor-column-gap-default\">\n\t\t\t\t\t<div class=\"elementor-column elementor-col-33 elementor-top-column elementor-element elementor-element-379c9f15\" data-id=\"379c9f15\" data-element_type=\"column\" data-e-type=\"column\">\n\t\t\t<div class=\"elementor-widget-wrap\">\n\t\t\t\t\t\t\t<\/div>\n\t\t<\/div>\n\t\t\t\t<div class=\"elementor-column elementor-col-33 elementor-top-column elementor-element elementor-element-3ffd6299\" data-id=\"3ffd6299\" data-element_type=\"column\" data-e-type=\"column\">\n\t\t\t<div class=\"elementor-widget-wrap elementor-element-populated\">\n\t\t\t\t\t\t<div class=\"elementor-element elementor-element-725cf072 elementor-widget elementor-widget-heading\" data-id=\"725cf072\" data-element_type=\"widget\" data-e-type=\"widget\" data-widget_type=\"heading.default\">\n\t\t\t\t<div class=\"elementor-widget-container\">\n\t\t\t\t\t<h2 class=\"elementor-heading-title elementor-size-default\">WOULD YOU LIKE TO KNOW MORE ABOUT OUR SERVICES?<\/h2>\t\t\t\t<\/div>\n\t\t\t\t<\/div>\n\t\t\t\t<div class=\"elementor-element elementor-element-13bfe1c3 elementor-align-center elementor-widget elementor-widget-button\" data-id=\"13bfe1c3\" data-element_type=\"widget\" data-e-type=\"widget\" data-widget_type=\"button.default\">\n\t\t\t\t<div class=\"elementor-widget-container\">\n\t\t\t\t\t\t\t\t\t<div class=\"elementor-button-wrapper\">\n\t\t\t\t\t<a class=\"elementor-button elementor-button-link elementor-size-sm elementor-animation-bob\" href=\"https:\/\/rnsinox.com\/solicitar-presupuesto\/\">\n\t\t\t\t\t\t<span class=\"elementor-button-content-wrapper\">\n\t\t\t\t\t\t\t\t\t<span class=\"elementor-button-text\">Request quote<\/span>\n\t\t\t\t\t<\/span>\n\t\t\t\t\t<\/a>\n\t\t\t\t<\/div>\n\t\t\t\t\t\t\t\t<\/div>\n\t\t\t\t<\/div>\n\t\t\t\t\t<\/div>\n\t\t<\/div>\n\t\t\t\t<div class=\"elementor-column elementor-col-33 elementor-top-column elementor-element elementor-element-b8ed04a\" data-id=\"b8ed04a\" data-element_type=\"column\" data-e-type=\"column\">\n\t\t\t<div class=\"elementor-widget-wrap\">\n\t\t\t\t\t\t\t<\/div>\n\t\t<\/div>\n\t\t\t\t\t<\/div>\n\t\t<\/section>\n\t\t\t\t<\/div>\n\t\t","protected":false},"excerpt":{"rendered":"<p>Certified quality Certified Quality in RNSinoxthe quality department of our company , has the priority argument of seriousness and certified quality, of its production, material and services, maintaining a professionalism recognized in the market. The improvement in the service, the product and the productivity are primary objectives for RNSinox Likewise, we must understand quality as [&hellip;]<\/p>\n","protected":false},"author":18,"featured_media":0,"parent":0,"menu_order":0,"comment_status":"closed","ping_status":"closed","template":"elementor_header_footer","meta":{"_acf_changed":false,"_daextinma_seo_power":"","_daextinma_enable_ail":"","footnotes":""},"class_list":["post-2883","page","type-page","status-publish","hentry"],"acf":[],"yoast_head":"<!-- This site is optimized with the Yoast SEO plugin v27.3 - https:\/\/yoast.com\/product\/yoast-seo-wordpress\/ -->\n<title>Certified quality<\/title>\n<meta name=\"description\" content=\"RNSinox relies on the priority argument of the seriousness and certified quality of its production, material and services, according to the UNE Standard in ISO 9001: 2015\" \/>\n<meta name=\"robots\" content=\"index, follow, max-snippet:-1, max-image-preview:large, max-video-preview:-1\" \/>\n<link rel=\"canonical\" href=\"https:\/\/rnsinox.com\/en\/quality\/\" \/>\n<meta property=\"og:locale\" content=\"en_US\" \/>\n<meta property=\"og:type\" content=\"article\" \/>\n<meta property=\"og:title\" content=\"Certified quality\" \/>\n<meta property=\"og:description\" content=\"RNSinox relies on the priority argument of the seriousness and certified quality of its production, material and services, according to the UNE Standard in ISO 9001: 2015\" \/>\n<meta property=\"og:url\" content=\"https:\/\/rnsinox.com\/en\/quality\/\" \/>\n<meta property=\"og:site_name\" content=\"RNSinox - Transformaci\u00f3n Met\u00e1lica Valencia\" \/>\n<meta property=\"article:publisher\" content=\"https:\/\/www.facebook.com\/RNSinox\/\" \/>\n<meta property=\"article:modified_time\" content=\"2024-01-10T15:20:10+00:00\" \/>\n<meta property=\"og:image\" content=\"https:\/\/rnsinox.com\/wp-content\/uploads\/2021\/07\/divisor-blanco.svg\" \/>\n<meta name=\"twitter:card\" content=\"summary_large_image\" \/>\n<meta name=\"twitter:label1\" content=\"Est. reading time\" \/>\n\t<meta name=\"twitter:data1\" content=\"1 minute\" \/>\n<script type=\"application\/ld+json\" class=\"yoast-schema-graph\">{\"@context\":\"https:\\\/\\\/schema.org\",\"@graph\":[{\"@type\":\"WebPage\",\"@id\":\"https:\\\/\\\/rnsinox.com\\\/en\\\/quality\\\/\",\"url\":\"https:\\\/\\\/rnsinox.com\\\/en\\\/quality\\\/\",\"name\":\"Certified quality\",\"isPartOf\":{\"@id\":\"https:\\\/\\\/rnsinox.com\\\/en\\\/#website\"},\"primaryImageOfPage\":{\"@id\":\"https:\\\/\\\/rnsinox.com\\\/en\\\/quality\\\/#primaryimage\"},\"image\":{\"@id\":\"https:\\\/\\\/rnsinox.com\\\/en\\\/quality\\\/#primaryimage\"},\"thumbnailUrl\":\"https:\\\/\\\/rnsinox.com\\\/wp-content\\\/uploads\\\/2021\\\/07\\\/divisor-blanco.svg\",\"datePublished\":\"2019-05-09T10:50:23+00:00\",\"dateModified\":\"2024-01-10T15:20:10+00:00\",\"description\":\"RNSinox relies on the priority argument of the seriousness and certified quality of its production, material and services, according to the UNE Standard in ISO 9001: 2015\",\"breadcrumb\":{\"@id\":\"https:\\\/\\\/rnsinox.com\\\/en\\\/quality\\\/#breadcrumb\"},\"inLanguage\":\"en-US\",\"potentialAction\":[{\"@type\":\"ReadAction\",\"target\":[\"https:\\\/\\\/rnsinox.com\\\/en\\\/quality\\\/\"]}]},{\"@type\":\"ImageObject\",\"inLanguage\":\"en-US\",\"@id\":\"https:\\\/\\\/rnsinox.com\\\/en\\\/quality\\\/#primaryimage\",\"url\":\"https:\\\/\\\/rnsinox.com\\\/wp-content\\\/uploads\\\/2021\\\/07\\\/divisor-blanco.svg\",\"contentUrl\":\"https:\\\/\\\/rnsinox.com\\\/wp-content\\\/uploads\\\/2021\\\/07\\\/divisor-blanco.svg\"},{\"@type\":\"BreadcrumbList\",\"@id\":\"https:\\\/\\\/rnsinox.com\\\/en\\\/quality\\\/#breadcrumb\",\"itemListElement\":[{\"@type\":\"ListItem\",\"position\":1,\"name\":\"Portada\",\"item\":\"https:\\\/\\\/rnsinox.com\\\/en\\\/\"},{\"@type\":\"ListItem\",\"position\":2,\"name\":\"Certified quality\"}]},{\"@type\":\"WebSite\",\"@id\":\"https:\\\/\\\/rnsinox.com\\\/en\\\/#website\",\"url\":\"https:\\\/\\\/rnsinox.com\\\/en\\\/\",\"name\":\"RNSinox - Transformaci\u00f3n Met\u00e1lica Valencia\",\"description\":\"RNSinox desde 1965 como empresa especializada en transformaci\u00f3n met\u00e1lica para la subcontrataci\u00f3n industrial\",\"publisher\":{\"@id\":\"https:\\\/\\\/rnsinox.com\\\/en\\\/#organization\"},\"potentialAction\":[{\"@type\":\"SearchAction\",\"target\":{\"@type\":\"EntryPoint\",\"urlTemplate\":\"https:\\\/\\\/rnsinox.com\\\/en\\\/?s={search_term_string}\"},\"query-input\":{\"@type\":\"PropertyValueSpecification\",\"valueRequired\":true,\"valueName\":\"search_term_string\"}}],\"inLanguage\":\"en-US\"},{\"@type\":\"Organization\",\"@id\":\"https:\\\/\\\/rnsinox.com\\\/en\\\/#organization\",\"name\":\"RNSinox - Transformaci\u00f3n Met\u00e1lica Valencia\",\"url\":\"https:\\\/\\\/rnsinox.com\\\/en\\\/\",\"logo\":{\"@type\":\"ImageObject\",\"inLanguage\":\"en-US\",\"@id\":\"https:\\\/\\\/rnsinox.com\\\/en\\\/#\\\/schema\\\/logo\\\/image\\\/\",\"url\":\"https:\\\/\\\/rnsinox.com\\\/wp-content\\\/uploads\\\/2021\\\/07\\\/logotipo.png\",\"contentUrl\":\"https:\\\/\\\/rnsinox.com\\\/wp-content\\\/uploads\\\/2021\\\/07\\\/logotipo.png\",\"width\":231,\"height\":98,\"caption\":\"RNSinox - Transformaci\u00f3n Met\u00e1lica Valencia\"},\"image\":{\"@id\":\"https:\\\/\\\/rnsinox.com\\\/en\\\/#\\\/schema\\\/logo\\\/image\\\/\"},\"sameAs\":[\"https:\\\/\\\/www.facebook.com\\\/RNSinox\\\/\"]}]}<\/script>\n<!-- \/ Yoast SEO plugin. -->","yoast_head_json":{"title":"Certified quality","description":"RNSinox relies on the priority argument of the seriousness and certified quality of its production, material and services, according to the UNE Standard in ISO 9001: 2015","robots":{"index":"index","follow":"follow","max-snippet":"max-snippet:-1","max-image-preview":"max-image-preview:large","max-video-preview":"max-video-preview:-1"},"canonical":"https:\/\/rnsinox.com\/en\/quality\/","og_locale":"en_US","og_type":"article","og_title":"Certified quality","og_description":"RNSinox relies on the priority argument of the seriousness and certified quality of its production, material and services, according to the UNE Standard in ISO 9001: 2015","og_url":"https:\/\/rnsinox.com\/en\/quality\/","og_site_name":"RNSinox - Transformaci\u00f3n Met\u00e1lica Valencia","article_publisher":"https:\/\/www.facebook.com\/RNSinox\/","article_modified_time":"2024-01-10T15:20:10+00:00","og_image":[{"url":"https:\/\/rnsinox.com\/wp-content\/uploads\/2021\/07\/divisor-blanco.svg","type":"","width":"","height":""}],"twitter_card":"summary_large_image","twitter_misc":{"Est. reading time":"1 minute"},"schema":{"@context":"https:\/\/schema.org","@graph":[{"@type":"WebPage","@id":"https:\/\/rnsinox.com\/en\/quality\/","url":"https:\/\/rnsinox.com\/en\/quality\/","name":"Certified quality","isPartOf":{"@id":"https:\/\/rnsinox.com\/en\/#website"},"primaryImageOfPage":{"@id":"https:\/\/rnsinox.com\/en\/quality\/#primaryimage"},"image":{"@id":"https:\/\/rnsinox.com\/en\/quality\/#primaryimage"},"thumbnailUrl":"https:\/\/rnsinox.com\/wp-content\/uploads\/2021\/07\/divisor-blanco.svg","datePublished":"2019-05-09T10:50:23+00:00","dateModified":"2024-01-10T15:20:10+00:00","description":"RNSinox relies on the priority argument of the seriousness and certified quality of its production, material and services, according to the UNE Standard in ISO 9001: 2015","breadcrumb":{"@id":"https:\/\/rnsinox.com\/en\/quality\/#breadcrumb"},"inLanguage":"en-US","potentialAction":[{"@type":"ReadAction","target":["https:\/\/rnsinox.com\/en\/quality\/"]}]},{"@type":"ImageObject","inLanguage":"en-US","@id":"https:\/\/rnsinox.com\/en\/quality\/#primaryimage","url":"https:\/\/rnsinox.com\/wp-content\/uploads\/2021\/07\/divisor-blanco.svg","contentUrl":"https:\/\/rnsinox.com\/wp-content\/uploads\/2021\/07\/divisor-blanco.svg"},{"@type":"BreadcrumbList","@id":"https:\/\/rnsinox.com\/en\/quality\/#breadcrumb","itemListElement":[{"@type":"ListItem","position":1,"name":"Portada","item":"https:\/\/rnsinox.com\/en\/"},{"@type":"ListItem","position":2,"name":"Certified quality"}]},{"@type":"WebSite","@id":"https:\/\/rnsinox.com\/en\/#website","url":"https:\/\/rnsinox.com\/en\/","name":"RNSinox - Transformaci\u00f3n Met\u00e1lica Valencia","description":"RNSinox desde 1965 como empresa especializada en transformaci\u00f3n met\u00e1lica para la subcontrataci\u00f3n industrial","publisher":{"@id":"https:\/\/rnsinox.com\/en\/#organization"},"potentialAction":[{"@type":"SearchAction","target":{"@type":"EntryPoint","urlTemplate":"https:\/\/rnsinox.com\/en\/?s={search_term_string}"},"query-input":{"@type":"PropertyValueSpecification","valueRequired":true,"valueName":"search_term_string"}}],"inLanguage":"en-US"},{"@type":"Organization","@id":"https:\/\/rnsinox.com\/en\/#organization","name":"RNSinox - Transformaci\u00f3n Met\u00e1lica Valencia","url":"https:\/\/rnsinox.com\/en\/","logo":{"@type":"ImageObject","inLanguage":"en-US","@id":"https:\/\/rnsinox.com\/en\/#\/schema\/logo\/image\/","url":"https:\/\/rnsinox.com\/wp-content\/uploads\/2021\/07\/logotipo.png","contentUrl":"https:\/\/rnsinox.com\/wp-content\/uploads\/2021\/07\/logotipo.png","width":231,"height":98,"caption":"RNSinox - Transformaci\u00f3n Met\u00e1lica Valencia"},"image":{"@id":"https:\/\/rnsinox.com\/en\/#\/schema\/logo\/image\/"},"sameAs":["https:\/\/www.facebook.com\/RNSinox\/"]}]}},"_links":{"self":[{"href":"https:\/\/rnsinox.com\/en\/wp-json\/wp\/v2\/pages\/2883","targetHints":{"allow":["GET"]}}],"collection":[{"href":"https:\/\/rnsinox.com\/en\/wp-json\/wp\/v2\/pages"}],"about":[{"href":"https:\/\/rnsinox.com\/en\/wp-json\/wp\/v2\/types\/page"}],"author":[{"embeddable":true,"href":"https:\/\/rnsinox.com\/en\/wp-json\/wp\/v2\/users\/18"}],"replies":[{"embeddable":true,"href":"https:\/\/rnsinox.com\/en\/wp-json\/wp\/v2\/comments?post=2883"}],"version-history":[{"count":0,"href":"https:\/\/rnsinox.com\/en\/wp-json\/wp\/v2\/pages\/2883\/revisions"}],"wp:attachment":[{"href":"https:\/\/rnsinox.com\/en\/wp-json\/wp\/v2\/media?parent=2883"}],"curies":[{"name":"wp","href":"https:\/\/api.w.org\/{rel}","templated":true}]}}