{"id":3223,"date":"2019-06-03T17:26:43","date_gmt":"2019-06-03T15:26:43","guid":{"rendered":"https:\/\/rnsinox.comlaser-cutting\/"},"modified":"2024-01-09T19:34:42","modified_gmt":"2024-01-09T18:34:42","slug":"laser-cutting","status":"publish","type":"page","link":"https:\/\/rnsinox.com\/en\/laser-cutting\/","title":{"rendered":"Laser cut"},"content":{"rendered":"\t\t<div data-elementor-type=\"wp-page\" data-elementor-id=\"3223\" class=\"elementor elementor-3223 elementor-268\" data-elementor-post-type=\"page\">\n\t\t\t\t\t\t<section class=\"elementor-section elementor-top-section elementor-element elementor-element-2e6e6efe elementor-section-height-min-height elementor-section-full_width elementor-section-height-default elementor-section-items-middle\" data-id=\"2e6e6efe\" data-element_type=\"section\" data-e-type=\"section\" data-settings=\"{&quot;background_background&quot;:&quot;classic&quot;}\">\n\t\t\t\t\t\t\t<div class=\"elementor-background-overlay\"><\/div>\n\t\t\t\t\t\t\t<div class=\"elementor-container elementor-column-gap-default\">\n\t\t\t\t\t<div class=\"elementor-column elementor-col-100 elementor-top-column elementor-element elementor-element-6363fd9e\" data-id=\"6363fd9e\" data-element_type=\"column\" data-e-type=\"column\">\n\t\t\t<div class=\"elementor-widget-wrap elementor-element-populated\">\n\t\t\t\t\t\t<section class=\"elementor-section elementor-inner-section elementor-element elementor-element-7ae9ab13 elementor-section-boxed elementor-section-height-default elementor-section-height-default\" data-id=\"7ae9ab13\" data-element_type=\"section\" data-e-type=\"section\">\n\t\t\t\t\t\t<div class=\"elementor-container elementor-column-gap-default\">\n\t\t\t\t\t<div class=\"elementor-column elementor-col-50 elementor-inner-column elementor-element elementor-element-330f4d1c\" data-id=\"330f4d1c\" data-element_type=\"column\" data-e-type=\"column\">\n\t\t\t<div class=\"elementor-widget-wrap elementor-element-populated\">\n\t\t\t\t\t\t<div class=\"elementor-element elementor-element-21f81cea elementor-invisible elementor-widget elementor-widget-heading\" data-id=\"21f81cea\" data-element_type=\"widget\" data-e-type=\"widget\" data-settings=\"{&quot;_animation&quot;:&quot;fadeInUp&quot;}\" data-widget_type=\"heading.default\">\n\t\t\t\t<div class=\"elementor-widget-container\">\n\t\t\t\t\t<h1 class=\"elementor-heading-title elementor-size-default\">LASER CUTTING<\/h1>\t\t\t\t<\/div>\n\t\t\t\t<\/div>\n\t\t\t\t\t<\/div>\n\t\t<\/div>\n\t\t\t\t<div class=\"elementor-column elementor-col-50 elementor-inner-column elementor-element elementor-element-63653508\" data-id=\"63653508\" data-element_type=\"column\" data-e-type=\"column\">\n\t\t\t<div class=\"elementor-widget-wrap\">\n\t\t\t\t\t\t\t<\/div>\n\t\t<\/div>\n\t\t\t\t\t<\/div>\n\t\t<\/section>\n\t\t\t\t\t<\/div>\n\t\t<\/div>\n\t\t\t\t\t<\/div>\n\t\t<\/section>\n\t\t\t\t<section class=\"elementor-section elementor-top-section elementor-element elementor-element-29f38a9d elementor-section-full_width elementor-section-height-default elementor-section-height-default\" data-id=\"29f38a9d\" data-element_type=\"section\" data-e-type=\"section\">\n\t\t\t\t\t\t<div class=\"elementor-container elementor-column-gap-default\">\n\t\t\t\t\t<div class=\"elementor-column elementor-col-100 elementor-top-column elementor-element elementor-element-5e78edd9\" data-id=\"5e78edd9\" data-element_type=\"column\" data-e-type=\"column\">\n\t\t\t<div class=\"elementor-widget-wrap elementor-element-populated\">\n\t\t\t\t\t\t<div class=\"elementor-element elementor-element-e539a75 elementor-widget elementor-widget-image\" data-id=\"e539a75\" data-element_type=\"widget\" data-e-type=\"widget\" data-widget_type=\"image.default\">\n\t\t\t\t<div class=\"elementor-widget-container\">\n\t\t\t\t\t\t\t\t\t\t\t\t\t\t\t<img decoding=\"async\" src=\"https:\/\/rnsinox.com\/wp-content\/uploads\/2021\/07\/divisor-blanco.svg\" class=\"attachment-full size-full wp-image-11259\" alt=\"\" \/>\t\t\t\t\t\t\t\t\t\t\t\t\t\t\t<\/div>\n\t\t\t\t<\/div>\n\t\t\t\t<div class=\"elementor-element elementor-element-749a7bb7 elementor-widget elementor-widget-spacer\" data-id=\"749a7bb7\" data-element_type=\"widget\" data-e-type=\"widget\" data-widget_type=\"spacer.default\">\n\t\t\t\t<div class=\"elementor-widget-container\">\n\t\t\t\t\t\t\t<div class=\"elementor-spacer\">\n\t\t\t<div class=\"elementor-spacer-inner\"><\/div>\n\t\t<\/div>\n\t\t\t\t\t\t<\/div>\n\t\t\t\t<\/div>\n\t\t\t\t\t<\/div>\n\t\t<\/div>\n\t\t\t\t\t<\/div>\n\t\t<\/section>\n\t\t\t\t<section class=\"elementor-section elementor-top-section elementor-element elementor-element-658600e6 elementor-section-boxed elementor-section-height-default elementor-section-height-default\" data-id=\"658600e6\" data-element_type=\"section\" data-e-type=\"section\">\n\t\t\t\t\t\t<div class=\"elementor-container elementor-column-gap-default\">\n\t\t\t\t\t<div class=\"elementor-column elementor-col-100 elementor-top-column elementor-element elementor-element-26ad4cf1\" data-id=\"26ad4cf1\" data-element_type=\"column\" data-e-type=\"column\">\n\t\t\t<div class=\"elementor-widget-wrap elementor-element-populated\">\n\t\t\t\t\t\t<div class=\"elementor-element elementor-element-5b511c4a elementor-widget elementor-widget-spacer\" data-id=\"5b511c4a\" data-element_type=\"widget\" data-e-type=\"widget\" data-widget_type=\"spacer.default\">\n\t\t\t\t<div class=\"elementor-widget-container\">\n\t\t\t\t\t\t\t<div class=\"elementor-spacer\">\n\t\t\t<div class=\"elementor-spacer-inner\"><\/div>\n\t\t<\/div>\n\t\t\t\t\t\t<\/div>\n\t\t\t\t<\/div>\n\t\t\t\t<div class=\"elementor-element elementor-element-5d1814e2 elementor-invisible elementor-widget elementor-widget-text-editor\" data-id=\"5d1814e2\" data-element_type=\"widget\" data-e-type=\"widget\" data-settings=\"{&quot;_animation&quot;:&quot;fadeInDown&quot;}\" data-widget_type=\"text-editor.default\">\n\t\t\t\t<div class=\"elementor-widget-container\">\n\t\t\t\t\t\t\t\t\t<h2>laser cutting service<\/h2>\n<p><strong>At RNSinox we offer fiber laser cutting services with the best cutting-edge technology.<\/strong> This type of machinery offers high-precision, clean metal cutting, with excellent finishing quality as well as greater speed. <\/p>\n<p>Its energy efficiency and low emissions make fiber laser cutting environmentally friendly and facilitate energy savings.<\/p>\n<p>The machine&#8217;s laser beam offers extremely low tolerance, making it, in addition to being more productive, much more precise on different thicknesses of steel. This type of cutting is more cost-effective and advantageous than CO2 cutting or glass cutting and also produces a very smooth cut, which is suitable for any metal. <\/p>\n<p>El <strong>corte con l\u00e1ser fibra<\/strong> elimina la presi\u00f3n mec\u00e1nica y el contacto sobre el material por lo que satisface las necesidades de corte para diferentes tipos de medidas, materiales y espesores con el m\u00e1ximo rendimiento. Las unidades de <strong>corte l\u00e1ser por fibra<\/strong> son la soluci\u00f3n m\u00e1s eficaz para el corte de piezas met\u00e1licas, marcado de metales y grabados en metal. <\/p>\n<p>Cada <strong>pieza met\u00e1lica cortada con<\/strong> <strong>l\u00e1ser fibra<\/strong> es revisada por nuestro personal en planta asegurando as\u00ed la calidad del acabado.<\/p>\n<p>El <strong>corte con l\u00e1ser fibra<\/strong> se utiliza para cortar metales en multitud de sectores e industrias: automoci\u00f3n, aeron\u00e1utica, renovables, HORECA, n\u00e1utico, electr\u00f3nica, hospitalario \u2026<\/p>\n<p><u>Characteristics:<\/u><\/p>\n<p>-Sheet capacity: maximum 4000 x 1500<\/p>\n<p>-Stainless steel sheet thickness: Max 10 mm<\/p>\n<p>-Steel Sheet Thickness: Max 10 mm<\/p>\n<p>-Aluminum Sheet Thickness: Max 10 mm<\/p>\n<p>Discover all of our services (including our <a href=\"https:\/\/rnsinox.com\/en\/technical-office\/\" target=\"_blank\" rel=\"noopener\"><strong>Technical Office<\/strong><\/a>) for the <a href=\"https:\/\/rnsinox.com\/expertos-en-fabricacion-en-serie-de-piezas-metalicas\/\" target=\"_blank\" rel=\"noopener\"><strong>mass production<\/strong><\/a> of metal parts. We offer a comprehensive 360 \u200b\u200bservice in fine industrial boilermaking.<\/p>\n<p style=\"text-align: center;\"><strong>More than a supplier we want to be your trusted partner.<\/strong><\/p>\n\t\t\t\t\t\t\t\t<\/div>\n\t\t\t\t<\/div>\n\t\t\t\t\t<\/div>\n\t\t<\/div>\n\t\t\t\t\t<\/div>\n\t\t<\/section>\n\t\t\t\t<section class=\"elementor-section elementor-top-section elementor-element elementor-element-49adc260 elementor-section-full_width elementor-section-height-default elementor-section-height-default\" data-id=\"49adc260\" data-element_type=\"section\" data-e-type=\"section\">\n\t\t\t\t\t\t<div class=\"elementor-container elementor-column-gap-no\">\n\t\t\t\t\t<div class=\"elementor-column elementor-col-100 elementor-top-column elementor-element elementor-element-32c6788a\" data-id=\"32c6788a\" data-element_type=\"column\" data-e-type=\"column\">\n\t\t\t<div class=\"elementor-widget-wrap elementor-element-populated\">\n\t\t\t\t\t\t<div class=\"elementor-element elementor-element-4d180b0 elementor-widget elementor-widget-image\" data-id=\"4d180b0\" data-element_type=\"widget\" data-e-type=\"widget\" data-widget_type=\"image.default\">\n\t\t\t\t<div class=\"elementor-widget-container\">\n\t\t\t\t\t\t\t\t\t\t\t\t\t\t\t<img fetchpriority=\"high\" decoding=\"async\" width=\"1920\" height=\"483\" src=\"https:\/\/rnsinox.com\/wp-content\/uploads\/2021\/07\/B_02C.LASER_.RNSinox.png\" class=\"attachment-full size-full wp-image-11167\" alt=\"\" srcset=\"https:\/\/rnsinox.com\/wp-content\/uploads\/2021\/07\/B_02C.LASER_.RNSinox.png 1920w, https:\/\/rnsinox.com\/wp-content\/uploads\/2021\/07\/B_02C.LASER_.RNSinox-300x75.png 300w, https:\/\/rnsinox.com\/wp-content\/uploads\/2021\/07\/B_02C.LASER_.RNSinox-1024x258.png 1024w, https:\/\/rnsinox.com\/wp-content\/uploads\/2021\/07\/B_02C.LASER_.RNSinox-768x193.png 768w, https:\/\/rnsinox.com\/wp-content\/uploads\/2021\/07\/B_02C.LASER_.RNSinox-1536x386.png 1536w\" sizes=\"(max-width: 1920px) 100vw, 1920px\" \/>\t\t\t\t\t\t\t\t\t\t\t\t\t\t\t<\/div>\n\t\t\t\t<\/div>\n\t\t\t\t\t<\/div>\n\t\t<\/div>\n\t\t\t\t\t<\/div>\n\t\t<\/section>\n\t\t\t\t<section class=\"elementor-section elementor-top-section elementor-element elementor-element-286f57ae elementor-section-boxed elementor-section-height-default elementor-section-height-default\" data-id=\"286f57ae\" data-element_type=\"section\" data-e-type=\"section\" data-settings=\"{&quot;background_background&quot;:&quot;classic&quot;}\">\n\t\t\t\t\t\t<div class=\"elementor-container elementor-column-gap-default\">\n\t\t\t\t\t<div class=\"elementor-column elementor-col-33 elementor-top-column elementor-element elementor-element-3a19c81f\" data-id=\"3a19c81f\" data-element_type=\"column\" data-e-type=\"column\">\n\t\t\t<div class=\"elementor-widget-wrap\">\n\t\t\t\t\t\t\t<\/div>\n\t\t<\/div>\n\t\t\t\t<div class=\"elementor-column elementor-col-33 elementor-top-column elementor-element elementor-element-741da105\" data-id=\"741da105\" data-element_type=\"column\" data-e-type=\"column\">\n\t\t\t<div class=\"elementor-widget-wrap elementor-element-populated\">\n\t\t\t\t\t\t<div class=\"elementor-element elementor-element-8391e37 elementor-widget elementor-widget-heading\" data-id=\"8391e37\" data-element_type=\"widget\" data-e-type=\"widget\" data-widget_type=\"heading.default\">\n\t\t\t\t<div class=\"elementor-widget-container\">\n\t\t\t\t\t<h2 class=\"elementor-heading-title elementor-size-default\">WOULD YOU LIKE TO KNOW MORE ABOUT OUR SERVICES?<\/h2>\t\t\t\t<\/div>\n\t\t\t\t<\/div>\n\t\t\t\t<div class=\"elementor-element elementor-element-3cf9a1cf elementor-align-center elementor-widget elementor-widget-button\" data-id=\"3cf9a1cf\" data-element_type=\"widget\" data-e-type=\"widget\" data-widget_type=\"button.default\">\n\t\t\t\t<div class=\"elementor-widget-container\">\n\t\t\t\t\t\t\t\t\t<div class=\"elementor-button-wrapper\">\n\t\t\t\t\t<a class=\"elementor-button elementor-button-link elementor-size-sm elementor-animation-bob\" href=\"https:\/\/rnsinox.com\/solicitar-presupuesto\/\">\n\t\t\t\t\t\t<span class=\"elementor-button-content-wrapper\">\n\t\t\t\t\t\t\t\t\t<span class=\"elementor-button-text\">Request quote<\/span>\n\t\t\t\t\t<\/span>\n\t\t\t\t\t<\/a>\n\t\t\t\t<\/div>\n\t\t\t\t\t\t\t\t<\/div>\n\t\t\t\t<\/div>\n\t\t\t\t\t<\/div>\n\t\t<\/div>\n\t\t\t\t<div class=\"elementor-column elementor-col-33 elementor-top-column elementor-element elementor-element-2f100840\" data-id=\"2f100840\" data-element_type=\"column\" data-e-type=\"column\">\n\t\t\t<div class=\"elementor-widget-wrap\">\n\t\t\t\t\t\t\t<\/div>\n\t\t<\/div>\n\t\t\t\t\t<\/div>\n\t\t<\/section>\n\t\t\t\t<\/div>\n\t\t","protected":false},"excerpt":{"rendered":"<p>LASER CUTTING laser cutting service At RNSinox we offer fiber laser cutting services with the best cutting-edge technology. This type of machinery offers high-precision, clean metal cutting, with excellent finishing quality as well as greater speed. Its energy efficiency and low emissions make fiber laser cutting environmentally friendly and facilitate energy savings. The machine&#8217;s laser [&hellip;]<\/p>\n","protected":false},"author":18,"featured_media":0,"parent":0,"menu_order":0,"comment_status":"closed","ping_status":"closed","template":"elementor_header_footer","meta":{"_acf_changed":false,"_daextinma_seo_power":"","_daextinma_enable_ail":"","footnotes":""},"class_list":["post-3223","page","type-page","status-publish","hentry"],"acf":[],"yoast_head":"<!-- This site is optimized with the Yoast SEO plugin v27.3 - https:\/\/yoast.com\/product\/yoast-seo-wordpress\/ -->\n<title>Laser cut<\/title>\n<meta name=\"description\" content=\"At RNSinox we offer the laser cutting service with the best cutting-edge technology on the market and maximum precision in quality and finish.\" \/>\n<meta name=\"robots\" content=\"index, follow, max-snippet:-1, max-image-preview:large, max-video-preview:-1\" \/>\n<link rel=\"canonical\" href=\"https:\/\/rnsinox.com\/en\/laser-cutting\/\" \/>\n<meta property=\"og:locale\" content=\"en_US\" \/>\n<meta property=\"og:type\" content=\"article\" \/>\n<meta property=\"og:title\" content=\"Laser cut\" \/>\n<meta property=\"og:description\" content=\"At RNSinox we offer the laser cutting service with the best cutting-edge technology on the market and maximum precision in quality and finish.\" \/>\n<meta property=\"og:url\" content=\"https:\/\/rnsinox.com\/en\/laser-cutting\/\" \/>\n<meta property=\"og:site_name\" content=\"RNSinox - Transformaci\u00f3n Met\u00e1lica Valencia\" \/>\n<meta property=\"article:publisher\" content=\"https:\/\/www.facebook.com\/RNSinox\/\" \/>\n<meta property=\"article:modified_time\" content=\"2024-01-09T18:34:42+00:00\" \/>\n<meta property=\"og:image\" content=\"https:\/\/rnsinox.com\/wp-content\/uploads\/2021\/07\/divisor-blanco.svg\" \/>\n<meta name=\"twitter:card\" content=\"summary_large_image\" \/>\n<meta name=\"twitter:label1\" content=\"Est. reading time\" \/>\n\t<meta name=\"twitter:data1\" content=\"1 minute\" \/>\n<script type=\"application\/ld+json\" class=\"yoast-schema-graph\">{\"@context\":\"https:\\\/\\\/schema.org\",\"@graph\":[{\"@type\":\"WebPage\",\"@id\":\"https:\\\/\\\/rnsinox.com\\\/en\\\/laser-cutting\\\/\",\"url\":\"https:\\\/\\\/rnsinox.com\\\/en\\\/laser-cutting\\\/\",\"name\":\"Laser cut\",\"isPartOf\":{\"@id\":\"https:\\\/\\\/rnsinox.com\\\/en\\\/#website\"},\"primaryImageOfPage\":{\"@id\":\"https:\\\/\\\/rnsinox.com\\\/en\\\/laser-cutting\\\/#primaryimage\"},\"image\":{\"@id\":\"https:\\\/\\\/rnsinox.com\\\/en\\\/laser-cutting\\\/#primaryimage\"},\"thumbnailUrl\":\"https:\\\/\\\/rnsinox.com\\\/wp-content\\\/uploads\\\/2021\\\/07\\\/divisor-blanco.svg\",\"datePublished\":\"2019-06-03T15:26:43+00:00\",\"dateModified\":\"2024-01-09T18:34:42+00:00\",\"description\":\"At RNSinox we offer the laser cutting service with the best cutting-edge technology on the market and maximum precision in quality and finish.\",\"breadcrumb\":{\"@id\":\"https:\\\/\\\/rnsinox.com\\\/en\\\/laser-cutting\\\/#breadcrumb\"},\"inLanguage\":\"en-US\",\"potentialAction\":[{\"@type\":\"ReadAction\",\"target\":[\"https:\\\/\\\/rnsinox.com\\\/en\\\/laser-cutting\\\/\"]}]},{\"@type\":\"ImageObject\",\"inLanguage\":\"en-US\",\"@id\":\"https:\\\/\\\/rnsinox.com\\\/en\\\/laser-cutting\\\/#primaryimage\",\"url\":\"https:\\\/\\\/rnsinox.com\\\/wp-content\\\/uploads\\\/2021\\\/07\\\/divisor-blanco.svg\",\"contentUrl\":\"https:\\\/\\\/rnsinox.com\\\/wp-content\\\/uploads\\\/2021\\\/07\\\/divisor-blanco.svg\"},{\"@type\":\"BreadcrumbList\",\"@id\":\"https:\\\/\\\/rnsinox.com\\\/en\\\/laser-cutting\\\/#breadcrumb\",\"itemListElement\":[{\"@type\":\"ListItem\",\"position\":1,\"name\":\"Portada\",\"item\":\"https:\\\/\\\/rnsinox.com\\\/en\\\/\"},{\"@type\":\"ListItem\",\"position\":2,\"name\":\"Laser cut\"}]},{\"@type\":\"WebSite\",\"@id\":\"https:\\\/\\\/rnsinox.com\\\/en\\\/#website\",\"url\":\"https:\\\/\\\/rnsinox.com\\\/en\\\/\",\"name\":\"RNSinox - Transformaci\u00f3n Met\u00e1lica Valencia\",\"description\":\"RNSinox desde 1965 como empresa especializada en transformaci\u00f3n met\u00e1lica para la subcontrataci\u00f3n industrial\",\"publisher\":{\"@id\":\"https:\\\/\\\/rnsinox.com\\\/en\\\/#organization\"},\"potentialAction\":[{\"@type\":\"SearchAction\",\"target\":{\"@type\":\"EntryPoint\",\"urlTemplate\":\"https:\\\/\\\/rnsinox.com\\\/en\\\/?s={search_term_string}\"},\"query-input\":{\"@type\":\"PropertyValueSpecification\",\"valueRequired\":true,\"valueName\":\"search_term_string\"}}],\"inLanguage\":\"en-US\"},{\"@type\":\"Organization\",\"@id\":\"https:\\\/\\\/rnsinox.com\\\/en\\\/#organization\",\"name\":\"RNSinox - Transformaci\u00f3n Met\u00e1lica Valencia\",\"url\":\"https:\\\/\\\/rnsinox.com\\\/en\\\/\",\"logo\":{\"@type\":\"ImageObject\",\"inLanguage\":\"en-US\",\"@id\":\"https:\\\/\\\/rnsinox.com\\\/en\\\/#\\\/schema\\\/logo\\\/image\\\/\",\"url\":\"https:\\\/\\\/rnsinox.com\\\/wp-content\\\/uploads\\\/2021\\\/07\\\/logotipo.png\",\"contentUrl\":\"https:\\\/\\\/rnsinox.com\\\/wp-content\\\/uploads\\\/2021\\\/07\\\/logotipo.png\",\"width\":231,\"height\":98,\"caption\":\"RNSinox - Transformaci\u00f3n Met\u00e1lica Valencia\"},\"image\":{\"@id\":\"https:\\\/\\\/rnsinox.com\\\/en\\\/#\\\/schema\\\/logo\\\/image\\\/\"},\"sameAs\":[\"https:\\\/\\\/www.facebook.com\\\/RNSinox\\\/\"]}]}<\/script>\n<!-- \/ Yoast SEO plugin. -->","yoast_head_json":{"title":"Laser cut","description":"At RNSinox we offer the laser cutting service with the best cutting-edge technology on the market and maximum precision in quality and finish.","robots":{"index":"index","follow":"follow","max-snippet":"max-snippet:-1","max-image-preview":"max-image-preview:large","max-video-preview":"max-video-preview:-1"},"canonical":"https:\/\/rnsinox.com\/en\/laser-cutting\/","og_locale":"en_US","og_type":"article","og_title":"Laser cut","og_description":"At RNSinox we offer the laser cutting service with the best cutting-edge technology on the market and maximum precision in quality and finish.","og_url":"https:\/\/rnsinox.com\/en\/laser-cutting\/","og_site_name":"RNSinox - Transformaci\u00f3n Met\u00e1lica Valencia","article_publisher":"https:\/\/www.facebook.com\/RNSinox\/","article_modified_time":"2024-01-09T18:34:42+00:00","og_image":[{"url":"https:\/\/rnsinox.com\/wp-content\/uploads\/2021\/07\/divisor-blanco.svg","type":"","width":"","height":""}],"twitter_card":"summary_large_image","twitter_misc":{"Est. reading time":"1 minute"},"schema":{"@context":"https:\/\/schema.org","@graph":[{"@type":"WebPage","@id":"https:\/\/rnsinox.com\/en\/laser-cutting\/","url":"https:\/\/rnsinox.com\/en\/laser-cutting\/","name":"Laser cut","isPartOf":{"@id":"https:\/\/rnsinox.com\/en\/#website"},"primaryImageOfPage":{"@id":"https:\/\/rnsinox.com\/en\/laser-cutting\/#primaryimage"},"image":{"@id":"https:\/\/rnsinox.com\/en\/laser-cutting\/#primaryimage"},"thumbnailUrl":"https:\/\/rnsinox.com\/wp-content\/uploads\/2021\/07\/divisor-blanco.svg","datePublished":"2019-06-03T15:26:43+00:00","dateModified":"2024-01-09T18:34:42+00:00","description":"At RNSinox we offer the laser cutting service with the best cutting-edge technology on the market and maximum precision in quality and finish.","breadcrumb":{"@id":"https:\/\/rnsinox.com\/en\/laser-cutting\/#breadcrumb"},"inLanguage":"en-US","potentialAction":[{"@type":"ReadAction","target":["https:\/\/rnsinox.com\/en\/laser-cutting\/"]}]},{"@type":"ImageObject","inLanguage":"en-US","@id":"https:\/\/rnsinox.com\/en\/laser-cutting\/#primaryimage","url":"https:\/\/rnsinox.com\/wp-content\/uploads\/2021\/07\/divisor-blanco.svg","contentUrl":"https:\/\/rnsinox.com\/wp-content\/uploads\/2021\/07\/divisor-blanco.svg"},{"@type":"BreadcrumbList","@id":"https:\/\/rnsinox.com\/en\/laser-cutting\/#breadcrumb","itemListElement":[{"@type":"ListItem","position":1,"name":"Portada","item":"https:\/\/rnsinox.com\/en\/"},{"@type":"ListItem","position":2,"name":"Laser cut"}]},{"@type":"WebSite","@id":"https:\/\/rnsinox.com\/en\/#website","url":"https:\/\/rnsinox.com\/en\/","name":"RNSinox - Transformaci\u00f3n Met\u00e1lica Valencia","description":"RNSinox desde 1965 como empresa especializada en transformaci\u00f3n met\u00e1lica para la subcontrataci\u00f3n industrial","publisher":{"@id":"https:\/\/rnsinox.com\/en\/#organization"},"potentialAction":[{"@type":"SearchAction","target":{"@type":"EntryPoint","urlTemplate":"https:\/\/rnsinox.com\/en\/?s={search_term_string}"},"query-input":{"@type":"PropertyValueSpecification","valueRequired":true,"valueName":"search_term_string"}}],"inLanguage":"en-US"},{"@type":"Organization","@id":"https:\/\/rnsinox.com\/en\/#organization","name":"RNSinox - Transformaci\u00f3n Met\u00e1lica Valencia","url":"https:\/\/rnsinox.com\/en\/","logo":{"@type":"ImageObject","inLanguage":"en-US","@id":"https:\/\/rnsinox.com\/en\/#\/schema\/logo\/image\/","url":"https:\/\/rnsinox.com\/wp-content\/uploads\/2021\/07\/logotipo.png","contentUrl":"https:\/\/rnsinox.com\/wp-content\/uploads\/2021\/07\/logotipo.png","width":231,"height":98,"caption":"RNSinox - Transformaci\u00f3n Met\u00e1lica Valencia"},"image":{"@id":"https:\/\/rnsinox.com\/en\/#\/schema\/logo\/image\/"},"sameAs":["https:\/\/www.facebook.com\/RNSinox\/"]}]}},"_links":{"self":[{"href":"https:\/\/rnsinox.com\/en\/wp-json\/wp\/v2\/pages\/3223","targetHints":{"allow":["GET"]}}],"collection":[{"href":"https:\/\/rnsinox.com\/en\/wp-json\/wp\/v2\/pages"}],"about":[{"href":"https:\/\/rnsinox.com\/en\/wp-json\/wp\/v2\/types\/page"}],"author":[{"embeddable":true,"href":"https:\/\/rnsinox.com\/en\/wp-json\/wp\/v2\/users\/18"}],"replies":[{"embeddable":true,"href":"https:\/\/rnsinox.com\/en\/wp-json\/wp\/v2\/comments?post=3223"}],"version-history":[{"count":0,"href":"https:\/\/rnsinox.com\/en\/wp-json\/wp\/v2\/pages\/3223\/revisions"}],"wp:attachment":[{"href":"https:\/\/rnsinox.com\/en\/wp-json\/wp\/v2\/media?parent=3223"}],"curies":[{"name":"wp","href":"https:\/\/api.w.org\/{rel}","templated":true}]}}