{"id":3242,"date":"2019-06-03T17:48:55","date_gmt":"2019-06-03T15:48:55","guid":{"rendered":"https:\/\/rnsinox.comcomprehensive-service\/"},"modified":"2024-01-10T16:58:07","modified_gmt":"2024-01-10T15:58:07","slug":"comprehensive-service","status":"publish","type":"page","link":"https:\/\/rnsinox.com\/en\/comprehensive-service\/","title":{"rendered":"Comprehensive Solutions"},"content":{"rendered":"\t\t<div data-elementor-type=\"wp-page\" data-elementor-id=\"3242\" class=\"elementor elementor-3242 elementor-378\" data-elementor-post-type=\"page\">\n\t\t\t\t\t\t<section class=\"elementor-section elementor-top-section elementor-element elementor-element-395901c6 elementor-section-height-min-height elementor-section-full_width elementor-section-height-default elementor-section-items-middle\" data-id=\"395901c6\" data-element_type=\"section\" data-e-type=\"section\" data-settings=\"{&quot;background_background&quot;:&quot;classic&quot;}\">\n\t\t\t\t\t\t\t<div class=\"elementor-background-overlay\"><\/div>\n\t\t\t\t\t\t\t<div class=\"elementor-container elementor-column-gap-default\">\n\t\t\t\t\t<div class=\"elementor-column elementor-col-100 elementor-top-column elementor-element elementor-element-125a2bca\" data-id=\"125a2bca\" data-element_type=\"column\" data-e-type=\"column\">\n\t\t\t<div class=\"elementor-widget-wrap elementor-element-populated\">\n\t\t\t\t\t\t<section class=\"elementor-section elementor-inner-section elementor-element elementor-element-7cb929ac elementor-section-boxed elementor-section-height-default elementor-section-height-default\" data-id=\"7cb929ac\" data-element_type=\"section\" data-e-type=\"section\">\n\t\t\t\t\t\t<div class=\"elementor-container elementor-column-gap-default\">\n\t\t\t\t\t<div class=\"elementor-column elementor-col-50 elementor-inner-column elementor-element elementor-element-31d33782\" data-id=\"31d33782\" data-element_type=\"column\" data-e-type=\"column\">\n\t\t\t<div class=\"elementor-widget-wrap elementor-element-populated\">\n\t\t\t\t\t\t<div class=\"elementor-element elementor-element-15b86c6a elementor-invisible elementor-widget elementor-widget-heading\" data-id=\"15b86c6a\" data-element_type=\"widget\" data-e-type=\"widget\" data-settings=\"{&quot;_animation&quot;:&quot;fadeInUp&quot;}\" data-widget_type=\"heading.default\">\n\t\t\t\t<div class=\"elementor-widget-container\">\n\t\t\t\t\t<h2 class=\"elementor-heading-title elementor-size-default\">Comprehensive Solutions<\/h2>\t\t\t\t<\/div>\n\t\t\t\t<\/div>\n\t\t\t\t\t<\/div>\n\t\t<\/div>\n\t\t\t\t<div class=\"elementor-column elementor-col-50 elementor-inner-column elementor-element elementor-element-4eed85e9\" data-id=\"4eed85e9\" data-element_type=\"column\" data-e-type=\"column\">\n\t\t\t<div class=\"elementor-widget-wrap\">\n\t\t\t\t\t\t\t<\/div>\n\t\t<\/div>\n\t\t\t\t\t<\/div>\n\t\t<\/section>\n\t\t\t\t\t<\/div>\n\t\t<\/div>\n\t\t\t\t\t<\/div>\n\t\t<\/section>\n\t\t\t\t<section class=\"elementor-section elementor-top-section elementor-element elementor-element-2134815f elementor-section-full_width elementor-section-height-default elementor-section-height-default\" data-id=\"2134815f\" data-element_type=\"section\" data-e-type=\"section\">\n\t\t\t\t\t\t<div class=\"elementor-container elementor-column-gap-default\">\n\t\t\t\t\t<div class=\"elementor-column elementor-col-100 elementor-top-column elementor-element elementor-element-40f40d59\" data-id=\"40f40d59\" data-element_type=\"column\" data-e-type=\"column\">\n\t\t\t<div class=\"elementor-widget-wrap elementor-element-populated\">\n\t\t\t\t\t\t<div class=\"elementor-element elementor-element-56e3ee4f elementor-widget elementor-widget-image\" data-id=\"56e3ee4f\" data-element_type=\"widget\" data-e-type=\"widget\" data-widget_type=\"image.default\">\n\t\t\t\t<div class=\"elementor-widget-container\">\n\t\t\t\t\t\t\t\t\t\t\t\t\t\t\t<img decoding=\"async\" src=\"https:\/\/rnsinox.com\/wp-content\/uploads\/2021\/07\/divisor-blanco.svg\" class=\"attachment-full size-full wp-image-11259\" alt=\"\" \/>\t\t\t\t\t\t\t\t\t\t\t\t\t\t\t<\/div>\n\t\t\t\t<\/div>\n\t\t\t\t<div class=\"elementor-element elementor-element-40b0deb4 elementor-widget elementor-widget-spacer\" data-id=\"40b0deb4\" data-element_type=\"widget\" data-e-type=\"widget\" data-widget_type=\"spacer.default\">\n\t\t\t\t<div class=\"elementor-widget-container\">\n\t\t\t\t\t\t\t<div class=\"elementor-spacer\">\n\t\t\t<div class=\"elementor-spacer-inner\"><\/div>\n\t\t<\/div>\n\t\t\t\t\t\t<\/div>\n\t\t\t\t<\/div>\n\t\t\t\t\t<\/div>\n\t\t<\/div>\n\t\t\t\t\t<\/div>\n\t\t<\/section>\n\t\t\t\t<section class=\"elementor-section elementor-top-section elementor-element elementor-element-6b0d15b9 elementor-section-boxed elementor-section-height-default elementor-section-height-default\" data-id=\"6b0d15b9\" data-element_type=\"section\" data-e-type=\"section\">\n\t\t\t\t\t\t<div class=\"elementor-container elementor-column-gap-default\">\n\t\t\t\t\t<div class=\"elementor-column elementor-col-100 elementor-top-column elementor-element elementor-element-24541d88\" data-id=\"24541d88\" data-element_type=\"column\" data-e-type=\"column\">\n\t\t\t<div class=\"elementor-widget-wrap elementor-element-populated\">\n\t\t\t\t\t\t<div class=\"elementor-element elementor-element-2ec93884 elementor-widget elementor-widget-spacer\" data-id=\"2ec93884\" data-element_type=\"widget\" data-e-type=\"widget\" data-widget_type=\"spacer.default\">\n\t\t\t\t<div class=\"elementor-widget-container\">\n\t\t\t\t\t\t\t<div class=\"elementor-spacer\">\n\t\t\t<div class=\"elementor-spacer-inner\"><\/div>\n\t\t<\/div>\n\t\t\t\t\t\t<\/div>\n\t\t\t\t<\/div>\n\t\t\t\t<div class=\"elementor-element elementor-element-39a4b0fb elementor-invisible elementor-widget elementor-widget-text-editor\" data-id=\"39a4b0fb\" data-element_type=\"widget\" data-e-type=\"widget\" data-settings=\"{&quot;_animation&quot;:&quot;fadeInDown&quot;}\" data-widget_type=\"text-editor.default\">\n\t\t\t\t<div class=\"elementor-widget-container\">\n\t\t\t\t\t\t\t\t\t<p class=\"p1\"><strong>RNSinox offers its clients a 360\u00ba Integral Solutions service in Metallic Transformation.<\/strong><\/p>\n<p class=\"p1\">The main objective of being able to cover any need before the development of a product in an integral way.<\/p>\n<p class=\"p1\">Currently, our company has a wide variety of services such as:<\/p>\n\n<ul>\n \t<li class=\"p1\"><b>Laser Cutting, TIG Welding, MIG, Curving and Turning , Quality, CNC Punching, Resistance Welding, Baked Powder Painting: Epoxy, CNC Folding, Surface Treatment, Drilling, Threading, Countersinking, Insertable Fixing, Blasting and Shot Blasting and Shot Peening, Assembly.<\/b><\/li>\n<\/ul>\n<br>\n<p class=\"p1\">In addition, we offer added value by making the quality guarantees<strong>that precede us available to the customer, our technical office and our logistic service<\/strong> composed of a small fleet of vehicles for the transport and care of products or parts.<\/p>\n<p class=\"p1\"><strong>Our productive capacity combined with our years of experience have allowed us to become more proactive.<\/strong><\/p>\n<p class=\"p1\"><strong>We have implemented new methodologies and cutting edge machinery to facilitate the work of our clients<\/strong>and to be able to provide a 360\u00ba service.<\/p>\n<p class=\"p1\"><strong>The 360\u00ba concept arises from the need to make different finishes on the same product or piece.<\/strong><\/p>\n<p class=\"p1\">Over time we have acquired various specialties that have allowed us to make ourselves known in the market being our company a reference in the field,<\/p>\n<p class=\"p1\">Therefore, we believe that our value lies in the adaptability and ability to transform a product in 360\u00ba.<\/p>\t\t\t\t\t\t\t\t<\/div>\n\t\t\t\t<\/div>\n\t\t\t\t\t<\/div>\n\t\t<\/div>\n\t\t\t\t\t<\/div>\n\t\t<\/section>\n\t\t\t\t<section class=\"elementor-section elementor-top-section elementor-element elementor-element-72501fde elementor-section-full_width elementor-section-height-default elementor-section-height-default\" data-id=\"72501fde\" data-element_type=\"section\" data-e-type=\"section\">\n\t\t\t\t\t\t<div class=\"elementor-container elementor-column-gap-no\">\n\t\t\t\t\t<div class=\"elementor-column elementor-col-100 elementor-top-column elementor-element elementor-element-1d18598a\" data-id=\"1d18598a\" data-element_type=\"column\" data-e-type=\"column\">\n\t\t\t<div class=\"elementor-widget-wrap elementor-element-populated\">\n\t\t\t\t\t\t<div class=\"elementor-element elementor-element-483099f5 elementor-widget elementor-widget-image\" data-id=\"483099f5\" data-element_type=\"widget\" data-e-type=\"widget\" data-widget_type=\"image.default\">\n\t\t\t\t<div class=\"elementor-widget-container\">\n\t\t\t\t\t\t\t\t\t\t\t\t\t\t\t<img fetchpriority=\"high\" decoding=\"async\" width=\"1920\" height=\"483\" src=\"https:\/\/rnsinox.com\/wp-content\/uploads\/2024\/01\/B_02SERVICIOSINTEGRALES.RNSinox-1.webp\" class=\"attachment-full size-full wp-image-19037\" alt=\"\" srcset=\"https:\/\/rnsinox.com\/wp-content\/uploads\/2024\/01\/B_02SERVICIOSINTEGRALES.RNSinox-1.webp 1920w, https:\/\/rnsinox.com\/wp-content\/uploads\/2024\/01\/B_02SERVICIOSINTEGRALES.RNSinox-1-300x75.webp 300w, https:\/\/rnsinox.com\/wp-content\/uploads\/2024\/01\/B_02SERVICIOSINTEGRALES.RNSinox-1-1024x258.webp 1024w, https:\/\/rnsinox.com\/wp-content\/uploads\/2024\/01\/B_02SERVICIOSINTEGRALES.RNSinox-1-768x193.webp 768w, https:\/\/rnsinox.com\/wp-content\/uploads\/2024\/01\/B_02SERVICIOSINTEGRALES.RNSinox-1-1536x386.webp 1536w\" sizes=\"(max-width: 1920px) 100vw, 1920px\" \/>\t\t\t\t\t\t\t\t\t\t\t\t\t\t\t<\/div>\n\t\t\t\t<\/div>\n\t\t\t\t\t<\/div>\n\t\t<\/div>\n\t\t\t\t\t<\/div>\n\t\t<\/section>\n\t\t\t\t<section class=\"elementor-section elementor-top-section elementor-element elementor-element-372ae543 elementor-section-boxed elementor-section-height-default elementor-section-height-default\" data-id=\"372ae543\" data-element_type=\"section\" data-e-type=\"section\" data-settings=\"{&quot;background_background&quot;:&quot;classic&quot;}\">\n\t\t\t\t\t\t<div class=\"elementor-container elementor-column-gap-default\">\n\t\t\t\t\t<div class=\"elementor-column elementor-col-33 elementor-top-column elementor-element elementor-element-2f9f2fa6\" data-id=\"2f9f2fa6\" data-element_type=\"column\" data-e-type=\"column\">\n\t\t\t<div class=\"elementor-widget-wrap\">\n\t\t\t\t\t\t\t<\/div>\n\t\t<\/div>\n\t\t\t\t<div class=\"elementor-column elementor-col-33 elementor-top-column elementor-element elementor-element-33ea2883\" data-id=\"33ea2883\" data-element_type=\"column\" data-e-type=\"column\">\n\t\t\t<div class=\"elementor-widget-wrap elementor-element-populated\">\n\t\t\t\t\t\t<div class=\"elementor-element elementor-element-7412780e elementor-widget elementor-widget-heading\" data-id=\"7412780e\" data-element_type=\"widget\" data-e-type=\"widget\" data-widget_type=\"heading.default\">\n\t\t\t\t<div class=\"elementor-widget-container\">\n\t\t\t\t\t<h2 class=\"elementor-heading-title elementor-size-default\">WOULD YOU LIKE TO KNOW MORE ABOUT OUR SERVICES?<\/h2>\t\t\t\t<\/div>\n\t\t\t\t<\/div>\n\t\t\t\t<div class=\"elementor-element elementor-element-773f166c elementor-align-center elementor-widget elementor-widget-button\" data-id=\"773f166c\" data-element_type=\"widget\" data-e-type=\"widget\" data-widget_type=\"button.default\">\n\t\t\t\t<div class=\"elementor-widget-container\">\n\t\t\t\t\t\t\t\t\t<div class=\"elementor-button-wrapper\">\n\t\t\t\t\t<a class=\"elementor-button elementor-button-link elementor-size-sm elementor-animation-bob\" href=\"https:\/\/rnsinox.com\/solicitar-presupuesto\/\">\n\t\t\t\t\t\t<span class=\"elementor-button-content-wrapper\">\n\t\t\t\t\t\t\t\t\t<span class=\"elementor-button-text\">Request quote<\/span>\n\t\t\t\t\t<\/span>\n\t\t\t\t\t<\/a>\n\t\t\t\t<\/div>\n\t\t\t\t\t\t\t\t<\/div>\n\t\t\t\t<\/div>\n\t\t\t\t\t<\/div>\n\t\t<\/div>\n\t\t\t\t<div class=\"elementor-column elementor-col-33 elementor-top-column elementor-element elementor-element-67b4244f\" data-id=\"67b4244f\" data-element_type=\"column\" data-e-type=\"column\">\n\t\t\t<div class=\"elementor-widget-wrap\">\n\t\t\t\t\t\t\t<\/div>\n\t\t<\/div>\n\t\t\t\t\t<\/div>\n\t\t<\/section>\n\t\t\t\t<\/div>\n\t\t","protected":false},"excerpt":{"rendered":"<p>Comprehensive Solutions RNSinox offers its clients a 360\u00ba Integral Solutions service in Metallic Transformation. The main objective of being able to cover any need before the development of a product in an integral way. Currently, our company has a wide variety of services such as: Laser Cutting, TIG Welding, MIG, Curving and Turning , Quality, [&hellip;]<\/p>\n","protected":false},"author":18,"featured_media":0,"parent":0,"menu_order":0,"comment_status":"closed","ping_status":"closed","template":"elementor_header_footer","meta":{"_acf_changed":false,"_daextinma_seo_power":"","_daextinma_enable_ail":"","footnotes":""},"class_list":["post-3242","page","type-page","status-publish","hentry"],"acf":[],"yoast_head":"<!-- This site is optimized with the Yoast SEO plugin v27.3 - https:\/\/yoast.com\/product\/yoast-seo-wordpress\/ -->\n<title>Comprehensive Solutions<\/title>\n<meta name=\"description\" content=\"RNSinox offers its clients a 360\u00ba Integral Solutions service in Metallic Transformation.\" \/>\n<meta name=\"robots\" content=\"index, follow, max-snippet:-1, max-image-preview:large, max-video-preview:-1\" \/>\n<link rel=\"canonical\" href=\"https:\/\/rnsinox.com\/en\/comprehensive-service\/\" \/>\n<meta property=\"og:locale\" content=\"en_US\" \/>\n<meta property=\"og:type\" content=\"article\" \/>\n<meta property=\"og:title\" content=\"Comprehensive Solutions\" \/>\n<meta property=\"og:description\" content=\"RNSinox offers its clients a 360\u00ba Integral Solutions service in Metallic Transformation.\" \/>\n<meta property=\"og:url\" content=\"https:\/\/rnsinox.com\/en\/comprehensive-service\/\" \/>\n<meta property=\"og:site_name\" content=\"RNSinox - Transformaci\u00f3n Met\u00e1lica Valencia\" \/>\n<meta property=\"article:publisher\" content=\"https:\/\/www.facebook.com\/RNSinox\/\" \/>\n<meta property=\"article:modified_time\" content=\"2024-01-10T15:58:07+00:00\" \/>\n<meta property=\"og:image\" content=\"https:\/\/rnsinox.com\/wp-content\/uploads\/2021\/07\/divisor-blanco.svg\" \/>\n<meta name=\"twitter:card\" content=\"summary_large_image\" \/>\n<meta name=\"twitter:label1\" content=\"Est. reading time\" \/>\n\t<meta name=\"twitter:data1\" content=\"1 minute\" \/>\n<script type=\"application\/ld+json\" class=\"yoast-schema-graph\">{\"@context\":\"https:\\\/\\\/schema.org\",\"@graph\":[{\"@type\":\"WebPage\",\"@id\":\"https:\\\/\\\/rnsinox.com\\\/en\\\/comprehensive-service\\\/\",\"url\":\"https:\\\/\\\/rnsinox.com\\\/en\\\/comprehensive-service\\\/\",\"name\":\"Comprehensive Solutions\",\"isPartOf\":{\"@id\":\"https:\\\/\\\/rnsinox.com\\\/en\\\/#website\"},\"primaryImageOfPage\":{\"@id\":\"https:\\\/\\\/rnsinox.com\\\/en\\\/comprehensive-service\\\/#primaryimage\"},\"image\":{\"@id\":\"https:\\\/\\\/rnsinox.com\\\/en\\\/comprehensive-service\\\/#primaryimage\"},\"thumbnailUrl\":\"https:\\\/\\\/rnsinox.com\\\/wp-content\\\/uploads\\\/2021\\\/07\\\/divisor-blanco.svg\",\"datePublished\":\"2019-06-03T15:48:55+00:00\",\"dateModified\":\"2024-01-10T15:58:07+00:00\",\"description\":\"RNSinox offers its clients a 360\u00ba Integral Solutions service in Metallic Transformation.\",\"breadcrumb\":{\"@id\":\"https:\\\/\\\/rnsinox.com\\\/en\\\/comprehensive-service\\\/#breadcrumb\"},\"inLanguage\":\"en-US\",\"potentialAction\":[{\"@type\":\"ReadAction\",\"target\":[\"https:\\\/\\\/rnsinox.com\\\/en\\\/comprehensive-service\\\/\"]}]},{\"@type\":\"ImageObject\",\"inLanguage\":\"en-US\",\"@id\":\"https:\\\/\\\/rnsinox.com\\\/en\\\/comprehensive-service\\\/#primaryimage\",\"url\":\"https:\\\/\\\/rnsinox.com\\\/wp-content\\\/uploads\\\/2021\\\/07\\\/divisor-blanco.svg\",\"contentUrl\":\"https:\\\/\\\/rnsinox.com\\\/wp-content\\\/uploads\\\/2021\\\/07\\\/divisor-blanco.svg\"},{\"@type\":\"BreadcrumbList\",\"@id\":\"https:\\\/\\\/rnsinox.com\\\/en\\\/comprehensive-service\\\/#breadcrumb\",\"itemListElement\":[{\"@type\":\"ListItem\",\"position\":1,\"name\":\"Portada\",\"item\":\"https:\\\/\\\/rnsinox.com\\\/en\\\/\"},{\"@type\":\"ListItem\",\"position\":2,\"name\":\"Comprehensive Solutions\"}]},{\"@type\":\"WebSite\",\"@id\":\"https:\\\/\\\/rnsinox.com\\\/en\\\/#website\",\"url\":\"https:\\\/\\\/rnsinox.com\\\/en\\\/\",\"name\":\"RNSinox - Transformaci\u00f3n Met\u00e1lica Valencia\",\"description\":\"RNSinox desde 1965 como empresa especializada en transformaci\u00f3n met\u00e1lica para la subcontrataci\u00f3n industrial\",\"publisher\":{\"@id\":\"https:\\\/\\\/rnsinox.com\\\/en\\\/#organization\"},\"potentialAction\":[{\"@type\":\"SearchAction\",\"target\":{\"@type\":\"EntryPoint\",\"urlTemplate\":\"https:\\\/\\\/rnsinox.com\\\/en\\\/?s={search_term_string}\"},\"query-input\":{\"@type\":\"PropertyValueSpecification\",\"valueRequired\":true,\"valueName\":\"search_term_string\"}}],\"inLanguage\":\"en-US\"},{\"@type\":\"Organization\",\"@id\":\"https:\\\/\\\/rnsinox.com\\\/en\\\/#organization\",\"name\":\"RNSinox - Transformaci\u00f3n Met\u00e1lica Valencia\",\"url\":\"https:\\\/\\\/rnsinox.com\\\/en\\\/\",\"logo\":{\"@type\":\"ImageObject\",\"inLanguage\":\"en-US\",\"@id\":\"https:\\\/\\\/rnsinox.com\\\/en\\\/#\\\/schema\\\/logo\\\/image\\\/\",\"url\":\"https:\\\/\\\/rnsinox.com\\\/wp-content\\\/uploads\\\/2021\\\/07\\\/logotipo.png\",\"contentUrl\":\"https:\\\/\\\/rnsinox.com\\\/wp-content\\\/uploads\\\/2021\\\/07\\\/logotipo.png\",\"width\":231,\"height\":98,\"caption\":\"RNSinox - Transformaci\u00f3n Met\u00e1lica Valencia\"},\"image\":{\"@id\":\"https:\\\/\\\/rnsinox.com\\\/en\\\/#\\\/schema\\\/logo\\\/image\\\/\"},\"sameAs\":[\"https:\\\/\\\/www.facebook.com\\\/RNSinox\\\/\"]}]}<\/script>\n<!-- \/ Yoast SEO plugin. -->","yoast_head_json":{"title":"Comprehensive Solutions","description":"RNSinox offers its clients a 360\u00ba Integral Solutions service in Metallic Transformation.","robots":{"index":"index","follow":"follow","max-snippet":"max-snippet:-1","max-image-preview":"max-image-preview:large","max-video-preview":"max-video-preview:-1"},"canonical":"https:\/\/rnsinox.com\/en\/comprehensive-service\/","og_locale":"en_US","og_type":"article","og_title":"Comprehensive Solutions","og_description":"RNSinox offers its clients a 360\u00ba Integral Solutions service in Metallic Transformation.","og_url":"https:\/\/rnsinox.com\/en\/comprehensive-service\/","og_site_name":"RNSinox - Transformaci\u00f3n Met\u00e1lica Valencia","article_publisher":"https:\/\/www.facebook.com\/RNSinox\/","article_modified_time":"2024-01-10T15:58:07+00:00","og_image":[{"url":"https:\/\/rnsinox.com\/wp-content\/uploads\/2021\/07\/divisor-blanco.svg","type":"","width":"","height":""}],"twitter_card":"summary_large_image","twitter_misc":{"Est. reading time":"1 minute"},"schema":{"@context":"https:\/\/schema.org","@graph":[{"@type":"WebPage","@id":"https:\/\/rnsinox.com\/en\/comprehensive-service\/","url":"https:\/\/rnsinox.com\/en\/comprehensive-service\/","name":"Comprehensive Solutions","isPartOf":{"@id":"https:\/\/rnsinox.com\/en\/#website"},"primaryImageOfPage":{"@id":"https:\/\/rnsinox.com\/en\/comprehensive-service\/#primaryimage"},"image":{"@id":"https:\/\/rnsinox.com\/en\/comprehensive-service\/#primaryimage"},"thumbnailUrl":"https:\/\/rnsinox.com\/wp-content\/uploads\/2021\/07\/divisor-blanco.svg","datePublished":"2019-06-03T15:48:55+00:00","dateModified":"2024-01-10T15:58:07+00:00","description":"RNSinox offers its clients a 360\u00ba Integral Solutions service in Metallic Transformation.","breadcrumb":{"@id":"https:\/\/rnsinox.com\/en\/comprehensive-service\/#breadcrumb"},"inLanguage":"en-US","potentialAction":[{"@type":"ReadAction","target":["https:\/\/rnsinox.com\/en\/comprehensive-service\/"]}]},{"@type":"ImageObject","inLanguage":"en-US","@id":"https:\/\/rnsinox.com\/en\/comprehensive-service\/#primaryimage","url":"https:\/\/rnsinox.com\/wp-content\/uploads\/2021\/07\/divisor-blanco.svg","contentUrl":"https:\/\/rnsinox.com\/wp-content\/uploads\/2021\/07\/divisor-blanco.svg"},{"@type":"BreadcrumbList","@id":"https:\/\/rnsinox.com\/en\/comprehensive-service\/#breadcrumb","itemListElement":[{"@type":"ListItem","position":1,"name":"Portada","item":"https:\/\/rnsinox.com\/en\/"},{"@type":"ListItem","position":2,"name":"Comprehensive Solutions"}]},{"@type":"WebSite","@id":"https:\/\/rnsinox.com\/en\/#website","url":"https:\/\/rnsinox.com\/en\/","name":"RNSinox - Transformaci\u00f3n Met\u00e1lica Valencia","description":"RNSinox desde 1965 como empresa especializada en transformaci\u00f3n met\u00e1lica para la subcontrataci\u00f3n industrial","publisher":{"@id":"https:\/\/rnsinox.com\/en\/#organization"},"potentialAction":[{"@type":"SearchAction","target":{"@type":"EntryPoint","urlTemplate":"https:\/\/rnsinox.com\/en\/?s={search_term_string}"},"query-input":{"@type":"PropertyValueSpecification","valueRequired":true,"valueName":"search_term_string"}}],"inLanguage":"en-US"},{"@type":"Organization","@id":"https:\/\/rnsinox.com\/en\/#organization","name":"RNSinox - Transformaci\u00f3n Met\u00e1lica Valencia","url":"https:\/\/rnsinox.com\/en\/","logo":{"@type":"ImageObject","inLanguage":"en-US","@id":"https:\/\/rnsinox.com\/en\/#\/schema\/logo\/image\/","url":"https:\/\/rnsinox.com\/wp-content\/uploads\/2021\/07\/logotipo.png","contentUrl":"https:\/\/rnsinox.com\/wp-content\/uploads\/2021\/07\/logotipo.png","width":231,"height":98,"caption":"RNSinox - Transformaci\u00f3n Met\u00e1lica Valencia"},"image":{"@id":"https:\/\/rnsinox.com\/en\/#\/schema\/logo\/image\/"},"sameAs":["https:\/\/www.facebook.com\/RNSinox\/"]}]}},"_links":{"self":[{"href":"https:\/\/rnsinox.com\/en\/wp-json\/wp\/v2\/pages\/3242","targetHints":{"allow":["GET"]}}],"collection":[{"href":"https:\/\/rnsinox.com\/en\/wp-json\/wp\/v2\/pages"}],"about":[{"href":"https:\/\/rnsinox.com\/en\/wp-json\/wp\/v2\/types\/page"}],"author":[{"embeddable":true,"href":"https:\/\/rnsinox.com\/en\/wp-json\/wp\/v2\/users\/18"}],"replies":[{"embeddable":true,"href":"https:\/\/rnsinox.com\/en\/wp-json\/wp\/v2\/comments?post=3242"}],"version-history":[{"count":0,"href":"https:\/\/rnsinox.com\/en\/wp-json\/wp\/v2\/pages\/3242\/revisions"}],"wp:attachment":[{"href":"https:\/\/rnsinox.com\/en\/wp-json\/wp\/v2\/media?parent=3242"}],"curies":[{"name":"wp","href":"https:\/\/api.w.org\/{rel}","templated":true}]}}