{"id":3256,"date":"2019-06-03T18:04:31","date_gmt":"2019-06-03T16:04:31","guid":{"rendered":"https:\/\/rnsinox.cominserts-placement\/"},"modified":"2024-01-10T18:22:24","modified_gmt":"2024-01-10T17:22:24","slug":"inserts-placement","status":"publish","type":"page","link":"https:\/\/rnsinox.com\/en\/inserts-placement\/","title":{"rendered":"Insertable Fixing"},"content":{"rendered":"\t\t<div data-elementor-type=\"wp-page\" data-elementor-id=\"3256\" class=\"elementor elementor-3256 elementor-976\" data-elementor-post-type=\"page\">\n\t\t\t\t\t\t<section class=\"elementor-section elementor-top-section elementor-element elementor-element-3b6d3c71 elementor-section-height-min-height elementor-section-full_width elementor-section-height-default elementor-section-items-middle\" data-id=\"3b6d3c71\" data-element_type=\"section\" data-e-type=\"section\" data-settings=\"{&quot;background_background&quot;:&quot;classic&quot;}\">\n\t\t\t\t\t\t\t<div class=\"elementor-background-overlay\"><\/div>\n\t\t\t\t\t\t\t<div class=\"elementor-container elementor-column-gap-default\">\n\t\t\t\t\t<div class=\"elementor-column elementor-col-100 elementor-top-column elementor-element elementor-element-67d7d060\" data-id=\"67d7d060\" data-element_type=\"column\" data-e-type=\"column\">\n\t\t\t<div class=\"elementor-widget-wrap elementor-element-populated\">\n\t\t\t\t\t\t<section class=\"elementor-section elementor-inner-section elementor-element elementor-element-47eb8c20 elementor-section-boxed elementor-section-height-default elementor-section-height-default\" data-id=\"47eb8c20\" data-element_type=\"section\" data-e-type=\"section\">\n\t\t\t\t\t\t<div class=\"elementor-container elementor-column-gap-default\">\n\t\t\t\t\t<div class=\"elementor-column elementor-col-50 elementor-inner-column elementor-element elementor-element-337a84bd\" data-id=\"337a84bd\" data-element_type=\"column\" data-e-type=\"column\">\n\t\t\t<div class=\"elementor-widget-wrap elementor-element-populated\">\n\t\t\t\t\t\t<div class=\"elementor-element elementor-element-530b6df8 elementor-invisible elementor-widget elementor-widget-heading\" data-id=\"530b6df8\" data-element_type=\"widget\" data-e-type=\"widget\" data-settings=\"{&quot;_animation&quot;:&quot;fadeInUp&quot;}\" data-widget_type=\"heading.default\">\n\t\t\t\t<div class=\"elementor-widget-container\">\n\t\t\t\t\t<h1 class=\"elementor-heading-title elementor-size-default\">Insertable Fixing<\/h1>\t\t\t\t<\/div>\n\t\t\t\t<\/div>\n\t\t\t\t\t<\/div>\n\t\t<\/div>\n\t\t\t\t<div class=\"elementor-column elementor-col-50 elementor-inner-column elementor-element elementor-element-2679ce1d\" data-id=\"2679ce1d\" data-element_type=\"column\" data-e-type=\"column\">\n\t\t\t<div class=\"elementor-widget-wrap\">\n\t\t\t\t\t\t\t<\/div>\n\t\t<\/div>\n\t\t\t\t\t<\/div>\n\t\t<\/section>\n\t\t\t\t\t<\/div>\n\t\t<\/div>\n\t\t\t\t\t<\/div>\n\t\t<\/section>\n\t\t\t\t<section class=\"elementor-section elementor-top-section elementor-element elementor-element-409ca5d3 elementor-section-full_width elementor-section-height-default elementor-section-height-default\" data-id=\"409ca5d3\" data-element_type=\"section\" data-e-type=\"section\">\n\t\t\t\t\t\t<div class=\"elementor-container elementor-column-gap-default\">\n\t\t\t\t\t<div class=\"elementor-column elementor-col-100 elementor-top-column elementor-element elementor-element-6083d874\" data-id=\"6083d874\" data-element_type=\"column\" data-e-type=\"column\">\n\t\t\t<div class=\"elementor-widget-wrap elementor-element-populated\">\n\t\t\t\t\t\t<div class=\"elementor-element elementor-element-574252d1 elementor-widget elementor-widget-image\" data-id=\"574252d1\" data-element_type=\"widget\" data-e-type=\"widget\" data-widget_type=\"image.default\">\n\t\t\t\t<div class=\"elementor-widget-container\">\n\t\t\t\t\t\t\t\t\t\t\t\t\t\t\t<img decoding=\"async\" src=\"https:\/\/rnsinox.com\/wp-content\/uploads\/2021\/07\/divisor-blanco.svg\" class=\"attachment-full size-full wp-image-11259\" alt=\"\" \/>\t\t\t\t\t\t\t\t\t\t\t\t\t\t\t<\/div>\n\t\t\t\t<\/div>\n\t\t\t\t<div class=\"elementor-element elementor-element-7cf46c0c elementor-widget elementor-widget-spacer\" data-id=\"7cf46c0c\" data-element_type=\"widget\" data-e-type=\"widget\" data-widget_type=\"spacer.default\">\n\t\t\t\t<div class=\"elementor-widget-container\">\n\t\t\t\t\t\t\t<div class=\"elementor-spacer\">\n\t\t\t<div class=\"elementor-spacer-inner\"><\/div>\n\t\t<\/div>\n\t\t\t\t\t\t<\/div>\n\t\t\t\t<\/div>\n\t\t\t\t\t<\/div>\n\t\t<\/div>\n\t\t\t\t\t<\/div>\n\t\t<\/section>\n\t\t\t\t<section class=\"elementor-section elementor-top-section elementor-element elementor-element-6b68e90a elementor-section-boxed elementor-section-height-default elementor-section-height-default\" data-id=\"6b68e90a\" data-element_type=\"section\" data-e-type=\"section\">\n\t\t\t\t\t\t<div class=\"elementor-container elementor-column-gap-default\">\n\t\t\t\t\t<div class=\"elementor-column elementor-col-100 elementor-top-column elementor-element elementor-element-7180336a\" data-id=\"7180336a\" data-element_type=\"column\" data-e-type=\"column\">\n\t\t\t<div class=\"elementor-widget-wrap elementor-element-populated\">\n\t\t\t\t\t\t<div class=\"elementor-element elementor-element-3a493113 elementor-widget elementor-widget-spacer\" data-id=\"3a493113\" data-element_type=\"widget\" data-e-type=\"widget\" data-widget_type=\"spacer.default\">\n\t\t\t\t<div class=\"elementor-widget-container\">\n\t\t\t\t\t\t\t<div class=\"elementor-spacer\">\n\t\t\t<div class=\"elementor-spacer-inner\"><\/div>\n\t\t<\/div>\n\t\t\t\t\t\t<\/div>\n\t\t\t\t<\/div>\n\t\t\t\t<div class=\"elementor-element elementor-element-5c2935d7 elementor-invisible elementor-widget elementor-widget-text-editor\" data-id=\"5c2935d7\" data-element_type=\"widget\" data-e-type=\"widget\" data-settings=\"{&quot;_animation&quot;:&quot;fadeInDown&quot;}\" data-widget_type=\"text-editor.default\">\n\t\t\t\t<div class=\"elementor-widget-container\">\n\t\t\t\t\t\t\t\t\t<p>With the aim of providing a comprehensive service to our clients in metal transformation, <strong>at RNSinox we offer a service for placing metal inserts or insertable fixings.<\/strong><\/p>\n<h2>Colocaci\u00f3n de fijaciones insertables en RNSinox.<\/h2>\n<p>In our facilities we have a Haeger press for the installation of  This machinery, entirely hydraulic, provides reliability and energy efficiency in each process. Due to its precision stop system, it allows easy adjustment at the insertion point.&nbsp;  <\/p>\n<p>Due to its precision stop system&nbsp; it allows easy adjustment at the insertion point.<\/p>\n<p>La prensa insertadora&nbsp;permite fijar distintos tipos de <strong>fijaciones PEM<\/strong> e integrar caracter\u00edsticas muy variables y especificas en cada uno de ellos,&nbsp;generando soluciones t\u00e9cnicas y de montaje para sectores muy diversos.<\/p>\n<h3>Types of inserts:<\/h3>\n<ul>\n<li><strong>Bolts, nuts, insertable columns, captive screws, micro fixings and insertable and weldable fixings for printed circuit boards.<\/strong><\/li>\n<li><strong>Materials<\/strong>: stainless steel, steel and galvanized.<\/li>\n<li><strong>Capacidad de cilindrado:<\/strong>&nbsp;combinaci\u00f3n de espesores de 1 a 6 mm.<\/li>\n<\/ul>\n<p>Discover all of our services (including our&nbsp;<a href=\"https:\/\/rnsinox.com\/en\/technical-office\/\"><strong>Technical Office<\/strong><\/a>) for the&nbsp;<a href=\"https:\/\/rnsinox.com\/expertos-en-fabricacion-en-serie-de-piezas-metalicas\/\"><strong>fabricaci\u00f3n en serie<\/strong><\/a>&nbsp;de piezas met\u00e1licas. We offer a comprehensive 360 \u200b\u200bservice in fine industrial boilermaking. <\/p>\n<h4 style=\"text-align: center;\"><strong>More than a supplier we want to be your trusted partner.<\/strong><\/h4>\t\t\t\t\t\t\t\t<\/div>\n\t\t\t\t<\/div>\n\t\t\t\t\t<\/div>\n\t\t<\/div>\n\t\t\t\t\t<\/div>\n\t\t<\/section>\n\t\t\t\t<section class=\"elementor-section elementor-top-section elementor-element elementor-element-2c36eed3 elementor-section-full_width elementor-section-height-default elementor-section-height-default\" data-id=\"2c36eed3\" data-element_type=\"section\" data-e-type=\"section\">\n\t\t\t\t\t\t<div class=\"elementor-container elementor-column-gap-no\">\n\t\t\t\t\t<div class=\"elementor-column elementor-col-100 elementor-top-column elementor-element elementor-element-564dc5a9\" data-id=\"564dc5a9\" data-element_type=\"column\" data-e-type=\"column\">\n\t\t\t<div class=\"elementor-widget-wrap elementor-element-populated\">\n\t\t\t\t\t\t<div class=\"elementor-element elementor-element-5ac148e9 elementor-widget elementor-widget-image\" data-id=\"5ac148e9\" data-element_type=\"widget\" data-e-type=\"widget\" data-widget_type=\"image.default\">\n\t\t\t\t<div class=\"elementor-widget-container\">\n\t\t\t\t\t\t\t\t\t\t\t\t\t\t\t<img fetchpriority=\"high\" decoding=\"async\" width=\"1920\" height=\"483\" src=\"https:\/\/rnsinox.com\/wp-content\/uploads\/2021\/07\/B_02FIJACIONESINSERTABLES.RNSinox-2.png\" class=\"attachment-full size-full wp-image-11616\" alt=\"\" srcset=\"https:\/\/rnsinox.com\/wp-content\/uploads\/2021\/07\/B_02FIJACIONESINSERTABLES.RNSinox-2.png 1920w, https:\/\/rnsinox.com\/wp-content\/uploads\/2021\/07\/B_02FIJACIONESINSERTABLES.RNSinox-2-300x75.png 300w, https:\/\/rnsinox.com\/wp-content\/uploads\/2021\/07\/B_02FIJACIONESINSERTABLES.RNSinox-2-1024x258.png 1024w, https:\/\/rnsinox.com\/wp-content\/uploads\/2021\/07\/B_02FIJACIONESINSERTABLES.RNSinox-2-768x193.png 768w, https:\/\/rnsinox.com\/wp-content\/uploads\/2021\/07\/B_02FIJACIONESINSERTABLES.RNSinox-2-1536x386.png 1536w\" sizes=\"(max-width: 1920px) 100vw, 1920px\" \/>\t\t\t\t\t\t\t\t\t\t\t\t\t\t\t<\/div>\n\t\t\t\t<\/div>\n\t\t\t\t\t<\/div>\n\t\t<\/div>\n\t\t\t\t\t<\/div>\n\t\t<\/section>\n\t\t\t\t<section class=\"elementor-section elementor-top-section elementor-element elementor-element-7d3bbbd0 elementor-section-boxed elementor-section-height-default elementor-section-height-default\" data-id=\"7d3bbbd0\" data-element_type=\"section\" data-e-type=\"section\" data-settings=\"{&quot;background_background&quot;:&quot;classic&quot;}\">\n\t\t\t\t\t\t<div class=\"elementor-container elementor-column-gap-default\">\n\t\t\t\t\t<div class=\"elementor-column elementor-col-33 elementor-top-column elementor-element elementor-element-6393df52\" data-id=\"6393df52\" data-element_type=\"column\" data-e-type=\"column\">\n\t\t\t<div class=\"elementor-widget-wrap\">\n\t\t\t\t\t\t\t<\/div>\n\t\t<\/div>\n\t\t\t\t<div class=\"elementor-column elementor-col-33 elementor-top-column elementor-element elementor-element-2debf889\" data-id=\"2debf889\" data-element_type=\"column\" data-e-type=\"column\">\n\t\t\t<div class=\"elementor-widget-wrap elementor-element-populated\">\n\t\t\t\t\t\t<div class=\"elementor-element elementor-element-20a50530 elementor-widget elementor-widget-heading\" data-id=\"20a50530\" data-element_type=\"widget\" data-e-type=\"widget\" data-widget_type=\"heading.default\">\n\t\t\t\t<div class=\"elementor-widget-container\">\n\t\t\t\t\t<h2 class=\"elementor-heading-title elementor-size-default\">WOULD YOU LIKE TO KNOW MORE ABOUT OUR SERVICES?<\/h2>\t\t\t\t<\/div>\n\t\t\t\t<\/div>\n\t\t\t\t<div class=\"elementor-element elementor-element-707c6d0b elementor-align-center elementor-widget elementor-widget-button\" data-id=\"707c6d0b\" data-element_type=\"widget\" data-e-type=\"widget\" data-widget_type=\"button.default\">\n\t\t\t\t<div class=\"elementor-widget-container\">\n\t\t\t\t\t\t\t\t\t<div class=\"elementor-button-wrapper\">\n\t\t\t\t\t<a class=\"elementor-button elementor-button-link elementor-size-sm elementor-animation-bob\" href=\"https:\/\/rnsinox.com\/solicitar-presupuesto\/\">\n\t\t\t\t\t\t<span class=\"elementor-button-content-wrapper\">\n\t\t\t\t\t\t\t\t\t<span class=\"elementor-button-text\">Request quote<\/span>\n\t\t\t\t\t<\/span>\n\t\t\t\t\t<\/a>\n\t\t\t\t<\/div>\n\t\t\t\t\t\t\t\t<\/div>\n\t\t\t\t<\/div>\n\t\t\t\t\t<\/div>\n\t\t<\/div>\n\t\t\t\t<div class=\"elementor-column elementor-col-33 elementor-top-column elementor-element elementor-element-242a0f45\" data-id=\"242a0f45\" data-element_type=\"column\" data-e-type=\"column\">\n\t\t\t<div class=\"elementor-widget-wrap\">\n\t\t\t\t\t\t\t<\/div>\n\t\t<\/div>\n\t\t\t\t\t<\/div>\n\t\t<\/section>\n\t\t\t\t<\/div>\n\t\t","protected":false},"excerpt":{"rendered":"<p>Insertable Fixing With the aim of providing a comprehensive service to our clients in metal transformation, at RNSinox we offer a service for placing metal inserts or insertable fixings. Colocaci\u00f3n de fijaciones insertables en RNSinox. In our facilities we have a Haeger press for the installation of This machinery, entirely hydraulic, provides reliability and energy [&hellip;]<\/p>\n","protected":false},"author":18,"featured_media":0,"parent":0,"menu_order":0,"comment_status":"closed","ping_status":"closed","template":"elementor_header_footer","meta":{"_acf_changed":false,"_daextinma_seo_power":"","_daextinma_enable_ail":"","footnotes":""},"class_list":["post-3256","page","type-page","status-publish","hentry"],"acf":[],"yoast_head":"<!-- This site is optimized with the Yoast SEO plugin v27.3 - https:\/\/yoast.com\/product\/yoast-seo-wordpress\/ -->\n<title>Insertable Fixing in RNSinox<\/title>\n<meta name=\"description\" content=\"At RNSinox we offer the insertable fixings service, we have a Haeger press to place the PEM\u00ae insertable fixings.\" \/>\n<meta name=\"robots\" content=\"index, follow, max-snippet:-1, max-image-preview:large, max-video-preview:-1\" \/>\n<link rel=\"canonical\" href=\"https:\/\/rnsinox.com\/en\/inserts-placement\/\" \/>\n<meta property=\"og:locale\" content=\"en_US\" \/>\n<meta property=\"og:type\" content=\"article\" \/>\n<meta property=\"og:title\" content=\"Insertable Fixing in RNSinox\" \/>\n<meta property=\"og:description\" content=\"At RNSinox we offer the insertable fixings service, we have a Haeger press to place the PEM\u00ae insertable fixings.\" \/>\n<meta property=\"og:url\" content=\"https:\/\/rnsinox.com\/en\/inserts-placement\/\" \/>\n<meta property=\"og:site_name\" content=\"RNSinox - Transformaci\u00f3n Met\u00e1lica Valencia\" \/>\n<meta property=\"article:publisher\" content=\"https:\/\/www.facebook.com\/RNSinox\/\" \/>\n<meta property=\"article:modified_time\" content=\"2024-01-10T17:22:24+00:00\" \/>\n<meta property=\"og:image\" content=\"https:\/\/rnsinox.com\/wp-content\/uploads\/2021\/07\/divisor-blanco.svg\" \/>\n<meta name=\"twitter:card\" content=\"summary_large_image\" \/>\n<meta name=\"twitter:label1\" content=\"Est. reading time\" \/>\n\t<meta name=\"twitter:data1\" content=\"1 minute\" \/>\n<script type=\"application\/ld+json\" class=\"yoast-schema-graph\">{\"@context\":\"https:\\\/\\\/schema.org\",\"@graph\":[{\"@type\":\"WebPage\",\"@id\":\"https:\\\/\\\/rnsinox.com\\\/en\\\/inserts-placement\\\/\",\"url\":\"https:\\\/\\\/rnsinox.com\\\/en\\\/inserts-placement\\\/\",\"name\":\"Insertable Fixing in RNSinox\",\"isPartOf\":{\"@id\":\"https:\\\/\\\/rnsinox.com\\\/en\\\/#website\"},\"primaryImageOfPage\":{\"@id\":\"https:\\\/\\\/rnsinox.com\\\/en\\\/inserts-placement\\\/#primaryimage\"},\"image\":{\"@id\":\"https:\\\/\\\/rnsinox.com\\\/en\\\/inserts-placement\\\/#primaryimage\"},\"thumbnailUrl\":\"https:\\\/\\\/rnsinox.com\\\/wp-content\\\/uploads\\\/2021\\\/07\\\/divisor-blanco.svg\",\"datePublished\":\"2019-06-03T16:04:31+00:00\",\"dateModified\":\"2024-01-10T17:22:24+00:00\",\"description\":\"At RNSinox we offer the insertable fixings service, we have a Haeger press to place the PEM\u00ae insertable fixings.\",\"breadcrumb\":{\"@id\":\"https:\\\/\\\/rnsinox.com\\\/en\\\/inserts-placement\\\/#breadcrumb\"},\"inLanguage\":\"en-US\",\"potentialAction\":[{\"@type\":\"ReadAction\",\"target\":[\"https:\\\/\\\/rnsinox.com\\\/en\\\/inserts-placement\\\/\"]}]},{\"@type\":\"ImageObject\",\"inLanguage\":\"en-US\",\"@id\":\"https:\\\/\\\/rnsinox.com\\\/en\\\/inserts-placement\\\/#primaryimage\",\"url\":\"https:\\\/\\\/rnsinox.com\\\/wp-content\\\/uploads\\\/2021\\\/07\\\/divisor-blanco.svg\",\"contentUrl\":\"https:\\\/\\\/rnsinox.com\\\/wp-content\\\/uploads\\\/2021\\\/07\\\/divisor-blanco.svg\"},{\"@type\":\"BreadcrumbList\",\"@id\":\"https:\\\/\\\/rnsinox.com\\\/en\\\/inserts-placement\\\/#breadcrumb\",\"itemListElement\":[{\"@type\":\"ListItem\",\"position\":1,\"name\":\"Portada\",\"item\":\"https:\\\/\\\/rnsinox.com\\\/en\\\/\"},{\"@type\":\"ListItem\",\"position\":2,\"name\":\"Insertable Fixing\"}]},{\"@type\":\"WebSite\",\"@id\":\"https:\\\/\\\/rnsinox.com\\\/en\\\/#website\",\"url\":\"https:\\\/\\\/rnsinox.com\\\/en\\\/\",\"name\":\"RNSinox - Transformaci\u00f3n Met\u00e1lica Valencia\",\"description\":\"RNSinox desde 1965 como empresa especializada en transformaci\u00f3n met\u00e1lica para la subcontrataci\u00f3n industrial\",\"publisher\":{\"@id\":\"https:\\\/\\\/rnsinox.com\\\/en\\\/#organization\"},\"potentialAction\":[{\"@type\":\"SearchAction\",\"target\":{\"@type\":\"EntryPoint\",\"urlTemplate\":\"https:\\\/\\\/rnsinox.com\\\/en\\\/?s={search_term_string}\"},\"query-input\":{\"@type\":\"PropertyValueSpecification\",\"valueRequired\":true,\"valueName\":\"search_term_string\"}}],\"inLanguage\":\"en-US\"},{\"@type\":\"Organization\",\"@id\":\"https:\\\/\\\/rnsinox.com\\\/en\\\/#organization\",\"name\":\"RNSinox - Transformaci\u00f3n Met\u00e1lica Valencia\",\"url\":\"https:\\\/\\\/rnsinox.com\\\/en\\\/\",\"logo\":{\"@type\":\"ImageObject\",\"inLanguage\":\"en-US\",\"@id\":\"https:\\\/\\\/rnsinox.com\\\/en\\\/#\\\/schema\\\/logo\\\/image\\\/\",\"url\":\"https:\\\/\\\/rnsinox.com\\\/wp-content\\\/uploads\\\/2021\\\/07\\\/logotipo.png\",\"contentUrl\":\"https:\\\/\\\/rnsinox.com\\\/wp-content\\\/uploads\\\/2021\\\/07\\\/logotipo.png\",\"width\":231,\"height\":98,\"caption\":\"RNSinox - Transformaci\u00f3n Met\u00e1lica Valencia\"},\"image\":{\"@id\":\"https:\\\/\\\/rnsinox.com\\\/en\\\/#\\\/schema\\\/logo\\\/image\\\/\"},\"sameAs\":[\"https:\\\/\\\/www.facebook.com\\\/RNSinox\\\/\"]}]}<\/script>\n<!-- \/ Yoast SEO plugin. -->","yoast_head_json":{"title":"Insertable Fixing in RNSinox","description":"At RNSinox we offer the insertable fixings service, we have a Haeger press to place the PEM\u00ae insertable fixings.","robots":{"index":"index","follow":"follow","max-snippet":"max-snippet:-1","max-image-preview":"max-image-preview:large","max-video-preview":"max-video-preview:-1"},"canonical":"https:\/\/rnsinox.com\/en\/inserts-placement\/","og_locale":"en_US","og_type":"article","og_title":"Insertable Fixing in RNSinox","og_description":"At RNSinox we offer the insertable fixings service, we have a Haeger press to place the PEM\u00ae insertable fixings.","og_url":"https:\/\/rnsinox.com\/en\/inserts-placement\/","og_site_name":"RNSinox - Transformaci\u00f3n Met\u00e1lica Valencia","article_publisher":"https:\/\/www.facebook.com\/RNSinox\/","article_modified_time":"2024-01-10T17:22:24+00:00","og_image":[{"url":"https:\/\/rnsinox.com\/wp-content\/uploads\/2021\/07\/divisor-blanco.svg","type":"","width":"","height":""}],"twitter_card":"summary_large_image","twitter_misc":{"Est. reading time":"1 minute"},"schema":{"@context":"https:\/\/schema.org","@graph":[{"@type":"WebPage","@id":"https:\/\/rnsinox.com\/en\/inserts-placement\/","url":"https:\/\/rnsinox.com\/en\/inserts-placement\/","name":"Insertable Fixing in RNSinox","isPartOf":{"@id":"https:\/\/rnsinox.com\/en\/#website"},"primaryImageOfPage":{"@id":"https:\/\/rnsinox.com\/en\/inserts-placement\/#primaryimage"},"image":{"@id":"https:\/\/rnsinox.com\/en\/inserts-placement\/#primaryimage"},"thumbnailUrl":"https:\/\/rnsinox.com\/wp-content\/uploads\/2021\/07\/divisor-blanco.svg","datePublished":"2019-06-03T16:04:31+00:00","dateModified":"2024-01-10T17:22:24+00:00","description":"At RNSinox we offer the insertable fixings service, we have a Haeger press to place the PEM\u00ae insertable fixings.","breadcrumb":{"@id":"https:\/\/rnsinox.com\/en\/inserts-placement\/#breadcrumb"},"inLanguage":"en-US","potentialAction":[{"@type":"ReadAction","target":["https:\/\/rnsinox.com\/en\/inserts-placement\/"]}]},{"@type":"ImageObject","inLanguage":"en-US","@id":"https:\/\/rnsinox.com\/en\/inserts-placement\/#primaryimage","url":"https:\/\/rnsinox.com\/wp-content\/uploads\/2021\/07\/divisor-blanco.svg","contentUrl":"https:\/\/rnsinox.com\/wp-content\/uploads\/2021\/07\/divisor-blanco.svg"},{"@type":"BreadcrumbList","@id":"https:\/\/rnsinox.com\/en\/inserts-placement\/#breadcrumb","itemListElement":[{"@type":"ListItem","position":1,"name":"Portada","item":"https:\/\/rnsinox.com\/en\/"},{"@type":"ListItem","position":2,"name":"Insertable Fixing"}]},{"@type":"WebSite","@id":"https:\/\/rnsinox.com\/en\/#website","url":"https:\/\/rnsinox.com\/en\/","name":"RNSinox - Transformaci\u00f3n Met\u00e1lica Valencia","description":"RNSinox desde 1965 como empresa especializada en transformaci\u00f3n met\u00e1lica para la subcontrataci\u00f3n industrial","publisher":{"@id":"https:\/\/rnsinox.com\/en\/#organization"},"potentialAction":[{"@type":"SearchAction","target":{"@type":"EntryPoint","urlTemplate":"https:\/\/rnsinox.com\/en\/?s={search_term_string}"},"query-input":{"@type":"PropertyValueSpecification","valueRequired":true,"valueName":"search_term_string"}}],"inLanguage":"en-US"},{"@type":"Organization","@id":"https:\/\/rnsinox.com\/en\/#organization","name":"RNSinox - Transformaci\u00f3n Met\u00e1lica Valencia","url":"https:\/\/rnsinox.com\/en\/","logo":{"@type":"ImageObject","inLanguage":"en-US","@id":"https:\/\/rnsinox.com\/en\/#\/schema\/logo\/image\/","url":"https:\/\/rnsinox.com\/wp-content\/uploads\/2021\/07\/logotipo.png","contentUrl":"https:\/\/rnsinox.com\/wp-content\/uploads\/2021\/07\/logotipo.png","width":231,"height":98,"caption":"RNSinox - Transformaci\u00f3n Met\u00e1lica Valencia"},"image":{"@id":"https:\/\/rnsinox.com\/en\/#\/schema\/logo\/image\/"},"sameAs":["https:\/\/www.facebook.com\/RNSinox\/"]}]}},"_links":{"self":[{"href":"https:\/\/rnsinox.com\/en\/wp-json\/wp\/v2\/pages\/3256","targetHints":{"allow":["GET"]}}],"collection":[{"href":"https:\/\/rnsinox.com\/en\/wp-json\/wp\/v2\/pages"}],"about":[{"href":"https:\/\/rnsinox.com\/en\/wp-json\/wp\/v2\/types\/page"}],"author":[{"embeddable":true,"href":"https:\/\/rnsinox.com\/en\/wp-json\/wp\/v2\/users\/18"}],"replies":[{"embeddable":true,"href":"https:\/\/rnsinox.com\/en\/wp-json\/wp\/v2\/comments?post=3256"}],"version-history":[{"count":0,"href":"https:\/\/rnsinox.com\/en\/wp-json\/wp\/v2\/pages\/3256\/revisions"}],"wp:attachment":[{"href":"https:\/\/rnsinox.com\/en\/wp-json\/wp\/v2\/media?parent=3256"}],"curies":[{"name":"wp","href":"https:\/\/api.w.org\/{rel}","templated":true}]}}