{"id":3386,"date":"2019-07-04T10:41:46","date_gmt":"2019-07-04T08:41:46","guid":{"rendered":"https:\/\/rnsinox.comindustrial-sector\/"},"modified":"2024-01-09T18:32:35","modified_gmt":"2024-01-09T17:32:35","slug":"industrial-sector","status":"publish","type":"page","link":"https:\/\/rnsinox.com\/en\/industrial-sector\/","title":{"rendered":"Industrial sector"},"content":{"rendered":"\t\t<div data-elementor-type=\"wp-page\" data-elementor-id=\"3386\" class=\"elementor elementor-3386 elementor-2378\" data-elementor-post-type=\"page\">\n\t\t\t\t\t\t<section class=\"elementor-section elementor-top-section elementor-element elementor-element-406d3250 elementor-section-height-min-height elementor-section-full_width elementor-section-height-default elementor-section-items-middle\" data-id=\"406d3250\" data-element_type=\"section\" data-e-type=\"section\" data-settings=\"{&quot;background_background&quot;:&quot;classic&quot;}\">\n\t\t\t\t\t\t\t<div class=\"elementor-background-overlay\"><\/div>\n\t\t\t\t\t\t\t<div class=\"elementor-container elementor-column-gap-default\">\n\t\t\t\t\t<div class=\"elementor-column elementor-col-100 elementor-top-column elementor-element elementor-element-596cda57\" data-id=\"596cda57\" data-element_type=\"column\" data-e-type=\"column\">\n\t\t\t<div class=\"elementor-widget-wrap elementor-element-populated\">\n\t\t\t\t\t\t<section class=\"elementor-section elementor-inner-section elementor-element elementor-element-51d05ed3 elementor-section-boxed elementor-section-height-default elementor-section-height-default\" data-id=\"51d05ed3\" data-element_type=\"section\" data-e-type=\"section\">\n\t\t\t\t\t\t<div class=\"elementor-container elementor-column-gap-default\">\n\t\t\t\t\t<div class=\"elementor-column elementor-col-50 elementor-inner-column elementor-element elementor-element-168bd724\" data-id=\"168bd724\" data-element_type=\"column\" data-e-type=\"column\">\n\t\t\t<div class=\"elementor-widget-wrap elementor-element-populated\">\n\t\t\t\t\t\t<div class=\"elementor-element elementor-element-a2e85f1 elementor-invisible elementor-widget elementor-widget-heading\" data-id=\"a2e85f1\" data-element_type=\"widget\" data-e-type=\"widget\" data-settings=\"{&quot;_animation&quot;:&quot;fadeInUp&quot;}\" data-widget_type=\"heading.default\">\n\t\t\t\t<div class=\"elementor-widget-container\">\n\t\t\t\t\t<h1 class=\"elementor-heading-title elementor-size-default\">INDUSTRIAL SECTOR | INDUSTRIAL BOILERWORK<\/h1>\t\t\t\t<\/div>\n\t\t\t\t<\/div>\n\t\t\t\t\t<\/div>\n\t\t<\/div>\n\t\t\t\t<div class=\"elementor-column elementor-col-50 elementor-inner-column elementor-element elementor-element-3fc875e4\" data-id=\"3fc875e4\" data-element_type=\"column\" data-e-type=\"column\">\n\t\t\t<div class=\"elementor-widget-wrap\">\n\t\t\t\t\t\t\t<\/div>\n\t\t<\/div>\n\t\t\t\t\t<\/div>\n\t\t<\/section>\n\t\t\t\t\t<\/div>\n\t\t<\/div>\n\t\t\t\t\t<\/div>\n\t\t<\/section>\n\t\t\t\t<section class=\"elementor-section elementor-top-section elementor-element elementor-element-2bd9f76 elementor-section-full_width elementor-section-height-default elementor-section-height-default\" data-id=\"2bd9f76\" data-element_type=\"section\" data-e-type=\"section\">\n\t\t\t\t\t\t<div class=\"elementor-container elementor-column-gap-default\">\n\t\t\t\t\t<div class=\"elementor-column elementor-col-100 elementor-top-column elementor-element elementor-element-1fe0237b\" data-id=\"1fe0237b\" data-element_type=\"column\" data-e-type=\"column\">\n\t\t\t<div class=\"elementor-widget-wrap elementor-element-populated\">\n\t\t\t\t\t\t<div class=\"elementor-element elementor-element-3242811f elementor-widget elementor-widget-image\" data-id=\"3242811f\" data-element_type=\"widget\" data-e-type=\"widget\" data-widget_type=\"image.default\">\n\t\t\t\t<div class=\"elementor-widget-container\">\n\t\t\t\t\t\t\t\t\t\t\t\t\t\t\t<img decoding=\"async\" src=\"https:\/\/rnsinox.com\/wp-content\/uploads\/2021\/07\/divisor-blanco.svg\" class=\"attachment-full size-full wp-image-11259\" alt=\"\" \/>\t\t\t\t\t\t\t\t\t\t\t\t\t\t\t<\/div>\n\t\t\t\t<\/div>\n\t\t\t\t<div class=\"elementor-element elementor-element-60f5a48e elementor-widget elementor-widget-spacer\" data-id=\"60f5a48e\" data-element_type=\"widget\" data-e-type=\"widget\" data-widget_type=\"spacer.default\">\n\t\t\t\t<div class=\"elementor-widget-container\">\n\t\t\t\t\t\t\t<div class=\"elementor-spacer\">\n\t\t\t<div class=\"elementor-spacer-inner\"><\/div>\n\t\t<\/div>\n\t\t\t\t\t\t<\/div>\n\t\t\t\t<\/div>\n\t\t\t\t\t<\/div>\n\t\t<\/div>\n\t\t\t\t\t<\/div>\n\t\t<\/section>\n\t\t\t\t<section class=\"elementor-section elementor-top-section elementor-element elementor-element-ecbd55b elementor-section-boxed elementor-section-height-default elementor-section-height-default\" data-id=\"ecbd55b\" data-element_type=\"section\" data-e-type=\"section\">\n\t\t\t\t\t\t<div class=\"elementor-container elementor-column-gap-default\">\n\t\t\t\t\t<div class=\"elementor-column elementor-col-50 elementor-top-column elementor-element elementor-element-5cccdf9\" data-id=\"5cccdf9\" data-element_type=\"column\" data-e-type=\"column\">\n\t\t\t<div class=\"elementor-widget-wrap elementor-element-populated\">\n\t\t\t\t\t\t<div class=\"elementor-element elementor-element-709aa6aa elementor-invisible elementor-widget elementor-widget-text-editor\" data-id=\"709aa6aa\" data-element_type=\"widget\" data-e-type=\"widget\" data-settings=\"{&quot;_animation&quot;:&quot;fadeInDown&quot;}\" data-widget_type=\"text-editor.default\">\n\t\t\t\t<div class=\"elementor-widget-container\">\n\t\t\t\t\t\t\t\t\t<p class=\"p1\">A lo largo de nuestra trayectoria en RNSinox hemos realizado numerosos productos y piezas met\u00e1licas para el <strong>sector industrial como expertos en calderer\u00eda industrial.<\/strong><\/p>\n<p class=\"p1\">Therefore, we highlight as a priority need in this sector:<\/p>\n<ul>\n<li class=\"p1\"><strong>The production capacity that our company has and the agility that we have to adapt ourselves quickly to mass manufacturing<\/strong> with high standards in finishes and <a href=\"https:\/\/rnsinox.com\/en\/quality\/\">quality<\/a>.<\/li>\n<\/ul>\n<h2>industrial boilermaking<\/h2>\n<p style=\"margin-top: 12PX;\">In addition, our facilities have the necessary machinery to carry out different types of services, both in chain, and to cover large quantities of metal parts or products.<\/p>\n<p class=\"p1\">We also have <strong>large production areas, large assembly spaces, areas of loading and unloading, storage.<\/strong><\/p>\n<p class=\"p1\">And our strategic location allows us to transport the products to the customer. We can also reach the customers our<a href=\"https:\/\/rnsinox.com\/en\/logistic-services\/\">logistical service<\/a> which is an added value.<\/p>\n<p class=\"p1\">The success of our work in this sector is defined by offering the greatest number of customer services, offering <a href=\"https:\/\/rnsinox.com\/en\/comprehensive-service\/\">comprehensive solutions<\/a> to each product, without the need to outsource any finish.<\/p>\n<p class=\"p1\">We are a <a href=\"https:\/\/rnsinox.com\/en\/comprehensive-service\/\">company that is able to design a part<\/a>, transform it and finish it guaranteeing the best results.<\/p>\n<p class=\"p1\"><strong>Among our clients we highlight companies that are a reference both in national and international<\/strong> market and in many sectors.<\/p>\n\t\t\t\t\t\t\t\t<\/div>\n\t\t\t\t<\/div>\n\t\t\t\t\t<\/div>\n\t\t<\/div>\n\t\t\t\t<div class=\"elementor-column elementor-col-50 elementor-top-column elementor-element elementor-element-64b54036\" data-id=\"64b54036\" data-element_type=\"column\" data-e-type=\"column\">\n\t\t\t<div class=\"elementor-widget-wrap elementor-element-populated\">\n\t\t\t\t\t\t<div class=\"elementor-element elementor-element-408b9623 elementor-hidden-tablet elementor-hidden-phone elementor-widget elementor-widget-image\" data-id=\"408b9623\" data-element_type=\"widget\" data-e-type=\"widget\" data-widget_type=\"image.default\">\n\t\t\t\t<div class=\"elementor-widget-container\">\n\t\t\t\t\t\t\t\t\t\t\t\t\t\t\t<img decoding=\"async\" src=\"https:\/\/rnsinox.com\/wp-content\/uploads\/elementor\/thumbs\/01-pztmrui9d3zsk9wd24riv2e6vng178hqjdyjj041d2.png\" title=\"01.png\" alt=\"01.png\" loading=\"lazy\" \/>\t\t\t\t\t\t\t\t\t\t\t\t\t\t\t<\/div>\n\t\t\t\t<\/div>\n\t\t\t\t<div class=\"elementor-element elementor-element-205069ee elementor-hidden-tablet elementor-hidden-phone elementor-widget elementor-widget-image\" data-id=\"205069ee\" data-element_type=\"widget\" data-e-type=\"widget\" data-widget_type=\"image.default\">\n\t\t\t\t<div class=\"elementor-widget-container\">\n\t\t\t\t\t\t\t\t\t\t\t\t\t\t\t<img decoding=\"async\" src=\"https:\/\/rnsinox.com\/wp-content\/uploads\/elementor\/thumbs\/RNSinox-sector-industrial-1-pztmrui9d3zsk9wd24riv2e6vng178hqjdyjj041dc.jpg\" title=\"RNSinox-sector-industrial.jpg\" alt=\"RNSinox-sector-industrial.jpg\" loading=\"lazy\" \/>\t\t\t\t\t\t\t\t\t\t\t\t\t\t\t<\/div>\n\t\t\t\t<\/div>\n\t\t\t\t<section class=\"elementor-section elementor-inner-section elementor-element elementor-element-69841570 elementor-hidden-desktop elementor-section-boxed elementor-section-height-default elementor-section-height-default\" data-id=\"69841570\" data-element_type=\"section\" data-e-type=\"section\">\n\t\t\t\t\t\t<div class=\"elementor-container elementor-column-gap-default\">\n\t\t\t\t\t<div class=\"elementor-column elementor-col-50 elementor-inner-column elementor-element elementor-element-1b13ced\" data-id=\"1b13ced\" data-element_type=\"column\" data-e-type=\"column\">\n\t\t\t<div class=\"elementor-widget-wrap elementor-element-populated\">\n\t\t\t\t\t\t<div class=\"elementor-element elementor-element-69bee10 elementor-widget elementor-widget-image\" data-id=\"69bee10\" data-element_type=\"widget\" data-e-type=\"widget\" data-widget_type=\"image.default\">\n\t\t\t\t<div class=\"elementor-widget-container\">\n\t\t\t\t\t\t\t\t\t\t\t\t\t\t\t<img decoding=\"async\" src=\"https:\/\/rnsinox.com\/wp-content\/uploads\/elementor\/thumbs\/01-2-pztmrui9d3zsk9wd24riv2e6vng178hqjdyjj041d2.png\" title=\"01-2.png\" alt=\"01-2.png\" loading=\"lazy\" \/>\t\t\t\t\t\t\t\t\t\t\t\t\t\t\t<\/div>\n\t\t\t\t<\/div>\n\t\t\t\t\t<\/div>\n\t\t<\/div>\n\t\t\t\t<div class=\"elementor-column elementor-col-50 elementor-inner-column elementor-element elementor-element-53410129\" data-id=\"53410129\" data-element_type=\"column\" data-e-type=\"column\">\n\t\t\t<div class=\"elementor-widget-wrap elementor-element-populated\">\n\t\t\t\t\t\t<div class=\"elementor-element elementor-element-5ce6879a elementor-widget elementor-widget-image\" data-id=\"5ce6879a\" data-element_type=\"widget\" data-e-type=\"widget\" data-widget_type=\"image.default\">\n\t\t\t\t<div class=\"elementor-widget-container\">\n\t\t\t\t\t\t\t\t\t\t\t\t\t\t\t<img decoding=\"async\" src=\"https:\/\/rnsinox.com\/wp-content\/uploads\/elementor\/thumbs\/RNSinox-sector-industrial-1-pztmrui9d3zsk9wd24riv2e6vng178hqjdyjj041dc.jpg\" title=\"RNSinox-sector-industrial.jpg\" alt=\"RNSinox-sector-industrial.jpg\" loading=\"lazy\" \/>\t\t\t\t\t\t\t\t\t\t\t\t\t\t\t<\/div>\n\t\t\t\t<\/div>\n\t\t\t\t\t<\/div>\n\t\t<\/div>\n\t\t\t\t\t<\/div>\n\t\t<\/section>\n\t\t\t\t\t<\/div>\n\t\t<\/div>\n\t\t\t\t\t<\/div>\n\t\t<\/section>\n\t\t\t\t<section class=\"elementor-section elementor-top-section elementor-element elementor-element-466276e elementor-section-boxed elementor-section-height-default elementor-section-height-default\" data-id=\"466276e\" data-element_type=\"section\" data-e-type=\"section\" data-settings=\"{&quot;background_background&quot;:&quot;classic&quot;}\">\n\t\t\t\t\t\t<div class=\"elementor-container elementor-column-gap-default\">\n\t\t\t\t\t<div class=\"elementor-column elementor-col-33 elementor-top-column elementor-element elementor-element-6a18b912\" data-id=\"6a18b912\" data-element_type=\"column\" data-e-type=\"column\">\n\t\t\t<div class=\"elementor-widget-wrap\">\n\t\t\t\t\t\t\t<\/div>\n\t\t<\/div>\n\t\t\t\t<div class=\"elementor-column elementor-col-33 elementor-top-column elementor-element elementor-element-13ed153f\" data-id=\"13ed153f\" data-element_type=\"column\" data-e-type=\"column\">\n\t\t\t<div class=\"elementor-widget-wrap elementor-element-populated\">\n\t\t\t\t\t\t<div class=\"elementor-element elementor-element-5e3d8413 elementor-widget elementor-widget-heading\" data-id=\"5e3d8413\" data-element_type=\"widget\" data-e-type=\"widget\" data-widget_type=\"heading.default\">\n\t\t\t\t<div class=\"elementor-widget-container\">\n\t\t\t\t\t<h2 class=\"elementor-heading-title elementor-size-default\">WOULD YOU LIKE TO KNOW MORE ABOUT OUR SERVICES?<\/h2>\t\t\t\t<\/div>\n\t\t\t\t<\/div>\n\t\t\t\t<div class=\"elementor-element elementor-element-5b16aafb elementor-align-center elementor-widget elementor-widget-button\" data-id=\"5b16aafb\" data-element_type=\"widget\" data-e-type=\"widget\" data-widget_type=\"button.default\">\n\t\t\t\t<div class=\"elementor-widget-container\">\n\t\t\t\t\t\t\t\t\t<div class=\"elementor-button-wrapper\">\n\t\t\t\t\t<a class=\"elementor-button elementor-button-link elementor-size-sm elementor-animation-bob\" href=\"https:\/\/rnsinox.com\/solicitar-presupuesto\/\">\n\t\t\t\t\t\t<span class=\"elementor-button-content-wrapper\">\n\t\t\t\t\t\t\t\t\t<span class=\"elementor-button-text\">Request quote<\/span>\n\t\t\t\t\t<\/span>\n\t\t\t\t\t<\/a>\n\t\t\t\t<\/div>\n\t\t\t\t\t\t\t\t<\/div>\n\t\t\t\t<\/div>\n\t\t\t\t\t<\/div>\n\t\t<\/div>\n\t\t\t\t<div class=\"elementor-column elementor-col-33 elementor-top-column elementor-element elementor-element-6a1cc48a\" data-id=\"6a1cc48a\" data-element_type=\"column\" data-e-type=\"column\">\n\t\t\t<div class=\"elementor-widget-wrap\">\n\t\t\t\t\t\t\t<\/div>\n\t\t<\/div>\n\t\t\t\t\t<\/div>\n\t\t<\/section>\n\t\t\t\t<\/div>\n\t\t","protected":false},"excerpt":{"rendered":"<p>INDUSTRIAL SECTOR | INDUSTRIAL BOILERWORK A lo largo de nuestra trayectoria en RNSinox hemos realizado numerosos productos y piezas met\u00e1licas para el sector industrial como expertos en calderer\u00eda industrial. Therefore, we highlight as a priority need in this sector: The production capacity that our company has and the agility that we have to adapt ourselves [&hellip;]<\/p>\n","protected":false},"author":18,"featured_media":0,"parent":0,"menu_order":0,"comment_status":"closed","ping_status":"closed","template":"elementor_header_footer","meta":{"_acf_changed":false,"_daextinma_seo_power":"","_daextinma_enable_ail":"","footnotes":""},"class_list":["post-3386","page","type-page","status-publish","hentry"],"acf":[],"yoast_head":"<!-- This site is optimized with the Yoast SEO plugin v27.3 - https:\/\/yoast.com\/product\/yoast-seo-wordpress\/ -->\n<title>Industrial boilermaking for the industrial sector. Agility and adaptation.<\/title>\n<meta name=\"description\" content=\"The Industrial sector requires high production capacity, agility and adaptation; we are specialists in industrial boilermaking.\" \/>\n<meta name=\"robots\" content=\"index, follow, max-snippet:-1, max-image-preview:large, max-video-preview:-1\" \/>\n<link rel=\"canonical\" href=\"https:\/\/rnsinox.com\/en\/industrial-sector\/\" \/>\n<meta property=\"og:locale\" content=\"en_US\" \/>\n<meta property=\"og:type\" content=\"article\" \/>\n<meta property=\"og:title\" content=\"Industrial boilermaking for the industrial sector. Agility and adaptation.\" \/>\n<meta property=\"og:description\" content=\"The Industrial sector requires high production capacity, agility and adaptation; we are specialists in industrial boilermaking.\" \/>\n<meta property=\"og:url\" content=\"https:\/\/rnsinox.com\/en\/industrial-sector\/\" \/>\n<meta property=\"og:site_name\" content=\"RNSinox - Transformaci\u00f3n Met\u00e1lica Valencia\" \/>\n<meta property=\"article:publisher\" content=\"https:\/\/www.facebook.com\/RNSinox\/\" \/>\n<meta property=\"article:modified_time\" content=\"2024-01-09T17:32:35+00:00\" \/>\n<meta property=\"og:image\" content=\"https:\/\/rnsinox.com\/wp-content\/uploads\/2021\/07\/divisor-blanco.svg\" \/>\n<meta name=\"twitter:card\" content=\"summary_large_image\" \/>\n<meta name=\"twitter:label1\" content=\"Est. reading time\" \/>\n\t<meta name=\"twitter:data1\" content=\"1 minute\" \/>\n<script type=\"application\/ld+json\" class=\"yoast-schema-graph\">{\"@context\":\"https:\\\/\\\/schema.org\",\"@graph\":[{\"@type\":\"WebPage\",\"@id\":\"https:\\\/\\\/rnsinox.com\\\/en\\\/industrial-sector\\\/\",\"url\":\"https:\\\/\\\/rnsinox.com\\\/en\\\/industrial-sector\\\/\",\"name\":\"Industrial boilermaking for the industrial sector. Agility and adaptation.\",\"isPartOf\":{\"@id\":\"https:\\\/\\\/rnsinox.com\\\/en\\\/#website\"},\"primaryImageOfPage\":{\"@id\":\"https:\\\/\\\/rnsinox.com\\\/en\\\/industrial-sector\\\/#primaryimage\"},\"image\":{\"@id\":\"https:\\\/\\\/rnsinox.com\\\/en\\\/industrial-sector\\\/#primaryimage\"},\"thumbnailUrl\":\"https:\\\/\\\/rnsinox.com\\\/wp-content\\\/uploads\\\/2021\\\/07\\\/divisor-blanco.svg\",\"datePublished\":\"2019-07-04T08:41:46+00:00\",\"dateModified\":\"2024-01-09T17:32:35+00:00\",\"description\":\"The Industrial sector requires high production capacity, agility and adaptation; we are specialists in industrial boilermaking.\",\"breadcrumb\":{\"@id\":\"https:\\\/\\\/rnsinox.com\\\/en\\\/industrial-sector\\\/#breadcrumb\"},\"inLanguage\":\"en-US\",\"potentialAction\":[{\"@type\":\"ReadAction\",\"target\":[\"https:\\\/\\\/rnsinox.com\\\/en\\\/industrial-sector\\\/\"]}]},{\"@type\":\"ImageObject\",\"inLanguage\":\"en-US\",\"@id\":\"https:\\\/\\\/rnsinox.com\\\/en\\\/industrial-sector\\\/#primaryimage\",\"url\":\"https:\\\/\\\/rnsinox.com\\\/wp-content\\\/uploads\\\/2021\\\/07\\\/divisor-blanco.svg\",\"contentUrl\":\"https:\\\/\\\/rnsinox.com\\\/wp-content\\\/uploads\\\/2021\\\/07\\\/divisor-blanco.svg\"},{\"@type\":\"BreadcrumbList\",\"@id\":\"https:\\\/\\\/rnsinox.com\\\/en\\\/industrial-sector\\\/#breadcrumb\",\"itemListElement\":[{\"@type\":\"ListItem\",\"position\":1,\"name\":\"Portada\",\"item\":\"https:\\\/\\\/rnsinox.com\\\/en\\\/\"},{\"@type\":\"ListItem\",\"position\":2,\"name\":\"Industrial sector\"}]},{\"@type\":\"WebSite\",\"@id\":\"https:\\\/\\\/rnsinox.com\\\/en\\\/#website\",\"url\":\"https:\\\/\\\/rnsinox.com\\\/en\\\/\",\"name\":\"RNSinox - Transformaci\u00f3n Met\u00e1lica Valencia\",\"description\":\"RNSinox desde 1965 como empresa especializada en transformaci\u00f3n met\u00e1lica para la subcontrataci\u00f3n industrial\",\"publisher\":{\"@id\":\"https:\\\/\\\/rnsinox.com\\\/en\\\/#organization\"},\"potentialAction\":[{\"@type\":\"SearchAction\",\"target\":{\"@type\":\"EntryPoint\",\"urlTemplate\":\"https:\\\/\\\/rnsinox.com\\\/en\\\/?s={search_term_string}\"},\"query-input\":{\"@type\":\"PropertyValueSpecification\",\"valueRequired\":true,\"valueName\":\"search_term_string\"}}],\"inLanguage\":\"en-US\"},{\"@type\":\"Organization\",\"@id\":\"https:\\\/\\\/rnsinox.com\\\/en\\\/#organization\",\"name\":\"RNSinox - Transformaci\u00f3n Met\u00e1lica Valencia\",\"url\":\"https:\\\/\\\/rnsinox.com\\\/en\\\/\",\"logo\":{\"@type\":\"ImageObject\",\"inLanguage\":\"en-US\",\"@id\":\"https:\\\/\\\/rnsinox.com\\\/en\\\/#\\\/schema\\\/logo\\\/image\\\/\",\"url\":\"https:\\\/\\\/rnsinox.com\\\/wp-content\\\/uploads\\\/2021\\\/07\\\/logotipo.png\",\"contentUrl\":\"https:\\\/\\\/rnsinox.com\\\/wp-content\\\/uploads\\\/2021\\\/07\\\/logotipo.png\",\"width\":231,\"height\":98,\"caption\":\"RNSinox - Transformaci\u00f3n Met\u00e1lica Valencia\"},\"image\":{\"@id\":\"https:\\\/\\\/rnsinox.com\\\/en\\\/#\\\/schema\\\/logo\\\/image\\\/\"},\"sameAs\":[\"https:\\\/\\\/www.facebook.com\\\/RNSinox\\\/\"]}]}<\/script>\n<!-- \/ Yoast SEO plugin. -->","yoast_head_json":{"title":"Industrial boilermaking for the industrial sector. Agility and adaptation.","description":"The Industrial sector requires high production capacity, agility and adaptation; we are specialists in industrial boilermaking.","robots":{"index":"index","follow":"follow","max-snippet":"max-snippet:-1","max-image-preview":"max-image-preview:large","max-video-preview":"max-video-preview:-1"},"canonical":"https:\/\/rnsinox.com\/en\/industrial-sector\/","og_locale":"en_US","og_type":"article","og_title":"Industrial boilermaking for the industrial sector. Agility and adaptation.","og_description":"The Industrial sector requires high production capacity, agility and adaptation; we are specialists in industrial boilermaking.","og_url":"https:\/\/rnsinox.com\/en\/industrial-sector\/","og_site_name":"RNSinox - Transformaci\u00f3n Met\u00e1lica Valencia","article_publisher":"https:\/\/www.facebook.com\/RNSinox\/","article_modified_time":"2024-01-09T17:32:35+00:00","og_image":[{"url":"https:\/\/rnsinox.com\/wp-content\/uploads\/2021\/07\/divisor-blanco.svg","type":"","width":"","height":""}],"twitter_card":"summary_large_image","twitter_misc":{"Est. reading time":"1 minute"},"schema":{"@context":"https:\/\/schema.org","@graph":[{"@type":"WebPage","@id":"https:\/\/rnsinox.com\/en\/industrial-sector\/","url":"https:\/\/rnsinox.com\/en\/industrial-sector\/","name":"Industrial boilermaking for the industrial sector. Agility and adaptation.","isPartOf":{"@id":"https:\/\/rnsinox.com\/en\/#website"},"primaryImageOfPage":{"@id":"https:\/\/rnsinox.com\/en\/industrial-sector\/#primaryimage"},"image":{"@id":"https:\/\/rnsinox.com\/en\/industrial-sector\/#primaryimage"},"thumbnailUrl":"https:\/\/rnsinox.com\/wp-content\/uploads\/2021\/07\/divisor-blanco.svg","datePublished":"2019-07-04T08:41:46+00:00","dateModified":"2024-01-09T17:32:35+00:00","description":"The Industrial sector requires high production capacity, agility and adaptation; we are specialists in industrial boilermaking.","breadcrumb":{"@id":"https:\/\/rnsinox.com\/en\/industrial-sector\/#breadcrumb"},"inLanguage":"en-US","potentialAction":[{"@type":"ReadAction","target":["https:\/\/rnsinox.com\/en\/industrial-sector\/"]}]},{"@type":"ImageObject","inLanguage":"en-US","@id":"https:\/\/rnsinox.com\/en\/industrial-sector\/#primaryimage","url":"https:\/\/rnsinox.com\/wp-content\/uploads\/2021\/07\/divisor-blanco.svg","contentUrl":"https:\/\/rnsinox.com\/wp-content\/uploads\/2021\/07\/divisor-blanco.svg"},{"@type":"BreadcrumbList","@id":"https:\/\/rnsinox.com\/en\/industrial-sector\/#breadcrumb","itemListElement":[{"@type":"ListItem","position":1,"name":"Portada","item":"https:\/\/rnsinox.com\/en\/"},{"@type":"ListItem","position":2,"name":"Industrial sector"}]},{"@type":"WebSite","@id":"https:\/\/rnsinox.com\/en\/#website","url":"https:\/\/rnsinox.com\/en\/","name":"RNSinox - Transformaci\u00f3n Met\u00e1lica Valencia","description":"RNSinox desde 1965 como empresa especializada en transformaci\u00f3n met\u00e1lica para la subcontrataci\u00f3n industrial","publisher":{"@id":"https:\/\/rnsinox.com\/en\/#organization"},"potentialAction":[{"@type":"SearchAction","target":{"@type":"EntryPoint","urlTemplate":"https:\/\/rnsinox.com\/en\/?s={search_term_string}"},"query-input":{"@type":"PropertyValueSpecification","valueRequired":true,"valueName":"search_term_string"}}],"inLanguage":"en-US"},{"@type":"Organization","@id":"https:\/\/rnsinox.com\/en\/#organization","name":"RNSinox - Transformaci\u00f3n Met\u00e1lica Valencia","url":"https:\/\/rnsinox.com\/en\/","logo":{"@type":"ImageObject","inLanguage":"en-US","@id":"https:\/\/rnsinox.com\/en\/#\/schema\/logo\/image\/","url":"https:\/\/rnsinox.com\/wp-content\/uploads\/2021\/07\/logotipo.png","contentUrl":"https:\/\/rnsinox.com\/wp-content\/uploads\/2021\/07\/logotipo.png","width":231,"height":98,"caption":"RNSinox - Transformaci\u00f3n Met\u00e1lica Valencia"},"image":{"@id":"https:\/\/rnsinox.com\/en\/#\/schema\/logo\/image\/"},"sameAs":["https:\/\/www.facebook.com\/RNSinox\/"]}]}},"_links":{"self":[{"href":"https:\/\/rnsinox.com\/en\/wp-json\/wp\/v2\/pages\/3386","targetHints":{"allow":["GET"]}}],"collection":[{"href":"https:\/\/rnsinox.com\/en\/wp-json\/wp\/v2\/pages"}],"about":[{"href":"https:\/\/rnsinox.com\/en\/wp-json\/wp\/v2\/types\/page"}],"author":[{"embeddable":true,"href":"https:\/\/rnsinox.com\/en\/wp-json\/wp\/v2\/users\/18"}],"replies":[{"embeddable":true,"href":"https:\/\/rnsinox.com\/en\/wp-json\/wp\/v2\/comments?post=3386"}],"version-history":[{"count":0,"href":"https:\/\/rnsinox.com\/en\/wp-json\/wp\/v2\/pages\/3386\/revisions"}],"wp:attachment":[{"href":"https:\/\/rnsinox.com\/en\/wp-json\/wp\/v2\/media?parent=3386"}],"curies":[{"name":"wp","href":"https:\/\/api.w.org\/{rel}","templated":true}]}}